{"id":100,"date":"2024-09-08T12:40:19","date_gmt":"2024-09-08T12:40:19","guid":{"rendered":"https:\/\/strotzbuesch.de\/?page_id=100"},"modified":"2024-09-11T12:59:12","modified_gmt":"2024-09-11T10:59:12","slug":"willkommen","status":"publish","type":"page","link":"https:\/\/strotzbuesch.de\/","title":{"rendered":"Willkommen"},"content":{"rendered":"\n<p class=\"has-text-align-center has-normal-font-size\"><strong>Herzlich Willkommen<\/strong><\/p>\n\n\n\n<p class=\"has-text-align-center\">auf den Internetseiten der<\/p>\n\n\n\n<h2 class=\"wp-block-heading has-text-align-center\">Ortsgemeinde Strotzb\u00fcsch<\/h2>\n\n\n\n<p class=\"has-text-align-center\" style=\"font-style:normal;font-weight:600\">in der sch\u00f6nen Vulkaneifel<\/p>\n\n\n\n<p class=\"has-text-align-left\">Liebe Mitb\u00fcrgerinnen und Mitb\u00fcrger,<br>liebe\/r Internetsurfer\/in,<br>liebe Ferieng\u00e4ste,<\/p>\n\n\n\n<p>ein herzliches Willkommen auf der neu gestalteten Webseite der Vulkaneifel-gemeinde Strotzb\u00fcsch.<\/p>\n\n\n\n<p>Mit unserem Internetangebot entdecken Sie die Einzigartigkeit und Sch\u00f6nheit meines Heimatdorfes Strotzb\u00fcsch. Lassen Sie sich vom Charme und der Besonderheit der Vulkanlandschaft verzaubern.<\/p>\n\n\n\n<p>Wir wollen alle interessierten Internetsurfer, Ferieng\u00e4ste und B\u00fcrger \u00fcber Sehenswertes, Wissenswertes und Kulturelles aus Strotzb\u00fcsch und der n\u00e4heren Umgebung rund um die Eifelmaare informieren.<\/p>\n\n\n\n<p>Sie erhalten Hinweise zu Veranstaltungen, Vereinen, Fremdenverkehr, Gewerbe und Einrichtungen unserer Gemeinde und der Ferienregion &#8222;Rund um&#8217;s Pulvermaar&#8220;.<\/p>\n\n\n\n<p>Besonders sehenswert in unserer Eifelgemeinde sind die Thermal- und Mineralquelle, das R\u00f6mergrab, die Strotzb\u00fcscher M\u00fchle und das \u00dc\u00dfbachtal. Unsere Ferienregion l\u00e4sst sich von der Vulkaneifel bis zur Mosel mit dem Fahrrad oder zu Fu\u00df erleben oder erwandern &#8211; abseits der hektischen Verkehrsstra\u00dfen durch fast unber\u00fchrte Naturlandschaften.<\/p>\n\n\n\n<p>Ich w\u00fcnsche Ihnen viel Freude bei der virtuellen Erkundung der Ortsgemeinde Strotzb\u00fcsch.<\/p>\n\n\n\n<p>Wir freuen uns \u00fcber Ihren Besuch auf unseren Internetseiten &#8211; oder am besten direkt vor Ort, im sch\u00f6nen Strotzb\u00fcsch &#8211; und hei\u00dfen Sie herzlich willkommen.<\/p>\n\n\n\n<div class=\"wp-block-media-text is-stacked-on-mobile\" style=\"grid-template-columns:29% auto\"><figure class=\"wp-block-media-text__media\"><img fetchpriority=\"high\" decoding=\"async\" width=\"1024\" height=\"1024\" src=\"https:\/\/strotzbuesch.de\/wp-content\/uploads\/2024\/09\/OB-1024x1024.jpg\" alt=\"\" class=\"wp-image-136 size-full\" srcset=\"https:\/\/strotzbuesch.de\/wp-content\/uploads\/2024\/09\/OB-1024x1024.jpg 1024w, https:\/\/strotzbuesch.de\/wp-content\/uploads\/2024\/09\/OB-300x300.jpg 300w, https:\/\/strotzbuesch.de\/wp-content\/uploads\/2024\/09\/OB-150x150.jpg 150w, https:\/\/strotzbuesch.de\/wp-content\/uploads\/2024\/09\/OB-768x768.jpg 768w, https:\/\/strotzbuesch.de\/wp-content\/uploads\/2024\/09\/OB-1536x1536.jpg 1536w, https:\/\/strotzbuesch.de\/wp-content\/uploads\/2024\/09\/OB.jpg 2048w\" sizes=\"(max-width: 1024px) 100vw, 1024px\" \/><\/figure><div class=\"wp-block-media-text__content\">\n<p>Ihr<\/p>\n\n\n\n<h5 class=\"wp-block-heading\"><strong>Dirk Peifer<\/strong> <\/h5>\n\n\n\n<p>(Ortsb\u00fcrgermeister)<\/p>\n<\/div><\/div>\n","protected":false},"excerpt":{"rendered":"<p>Herzlich Willkommen auf den Internetseiten der Ortsgemeinde Strotzb\u00fcsch in der sch\u00f6nen Vulkaneifel Liebe Mitb\u00fcrgerinnen und Mitb\u00fcrger,liebe\/r Internetsurfer\/in,liebe Ferieng\u00e4ste, ein herzliches Willkommen auf der neu gestalteten Webseite der Vulkaneifel-gemeinde Strotzb\u00fcsch. Mit unserem Internetangebot entdecken Sie die Einzigartigkeit und Sch\u00f6nheit meines Heimatdorfes <a class=\"more-link\" href=\"https:\/\/strotzbuesch.de\/\">weiterlesen&#8230;<\/a><\/p>\n","protected":false},"author":3,"featured_media":0,"parent":0,"menu_order":0,"comment_status":"closed","ping_status":"closed","template":"","meta":{"ngg_post_thumbnail":0,"footnotes":""},"class_list":["post-100","page","type-page","status-publish","hentry"],"_links":{"self":[{"href":"https:\/\/strotzbuesch.de\/index.php\/wp-json\/wp\/v2\/pages\/100","targetHints":{"allow":["GET"]}}],"collection":[{"href":"https:\/\/strotzbuesch.de\/index.php\/wp-json\/wp\/v2\/pages"}],"about":[{"href":"https:\/\/strotzbuesch.de\/index.php\/wp-json\/wp\/v2\/types\/page"}],"author":[{"embeddable":true,"href":"https:\/\/strotzbuesch.de\/index.php\/wp-json\/wp\/v2\/users\/3"}],"replies":[{"embeddable":true,"href":"https:\/\/strotzbuesch.de\/index.php\/wp-json\/wp\/v2\/comments?post=100"}],"version-history":[{"count":15,"href":"https:\/\/strotzbuesch.de\/index.php\/wp-json\/wp\/v2\/pages\/100\/revisions"}],"predecessor-version":[{"id":532,"href":"https:\/\/strotzbuesch.de\/index.php\/wp-json\/wp\/v2\/pages\/100\/revisions\/532"}],"wp:attachment":[{"href":"https:\/\/strotzbuesch.de\/index.php\/wp-json\/wp\/v2\/media?parent=100"}],"curies":[{"name":"wp","href":"https:\/\/api.w.org\/{rel}","templated":true}]}}