{"id":103,"date":"2024-09-08T12:44:47","date_gmt":"2024-09-08T12:44:47","guid":{"rendered":"https:\/\/strotzbuesch.de\/?page_id=103"},"modified":"2024-09-10T08:21:26","modified_gmt":"2024-09-10T06:21:26","slug":"wirtschaft","status":"publish","type":"page","link":"https:\/\/strotzbuesch.de\/index.php\/wirtschaft\/","title":{"rendered":"Wirtschaft"},"content":{"rendered":"\n<p>Hier finden Sie die in Strotzb\u00fcsch beheimateten Gewerbebetriebe<\/p>\n\n\n\n<figure class=\"wp-block-table\"><table class=\"has-fixed-layout\"><tbody><tr><td><strong>Arca Regler<\/strong><\/td><td><\/td><\/tr><tr><td>Erstellung von Regelventilen<br>Hauptsitz: T\u00f6nisvorst<\/td><td>Ansprechpartner:<br><strong>Ralf Engeln<\/strong><\/td><\/tr><tr><td>Hontheimerstra\u00dfe 50<br>54552 Strotzb\u00fcsch<\/td><td>Tel.: (0 65 73) 9 5322 &#8211; 12<br>Fax: (0 65 73) 9 5322 &#8211; 19<\/td><\/tr><tr><td>e-Mail: <a href=\"mailto:sale@arca-valve.com\">en@arca-valve.com<\/a><\/td><td><a href=\"http:\/\/www.arca.de\" target=\"_blank\" rel=\"noreferrer noopener\">www.arca.de<\/a><\/td><\/tr><\/tbody><\/table><\/figure>\n\n\n\n<figure class=\"wp-block-table\"><table class=\"has-fixed-layout\"><tbody><tr><td><strong>Busunternehmen Apitzsch<\/strong><\/td><td><\/td><\/tr><tr><td>Durchf\u00fchrung von<br>Busreisen aller Art<\/td><td>Ansprechpartner:<br><strong>Norbert Apitzsch<\/strong><\/td><\/tr><tr><td>Hontheimerstra\u00dfe 40<br>54552 Strotzb\u00fcsch<\/td><td>Tel.: (0 65 73) 8 74<br>Fax: (0 65 73) 94 92<\/td><\/tr><tr><td>e-Mail: <a href=\"mailto:info@apitsch-reisen.de\">info@apitzsch-reisen.de<\/a><\/td><td><a href=\"http:\/\/www.apitzsch-reisen.de\" target=\"_blank\" rel=\"noreferrer noopener\">www.apitzsch-reisen.de<\/a><\/td><\/tr><\/tbody><\/table><\/figure>\n\n\n\n<figure class=\"wp-block-table\"><table class=\"has-fixed-layout\"><tbody><tr><td><strong>Landgasthaus &#8222;Zum Siebenbachtal&#8220;<\/strong><\/td><td><\/td><\/tr><tr><td>Gastronomie, FeWos, Appartements., Fremdenzimmer<\/td><td>Ansprechpartner:<br><strong>Heiko Daniel<\/strong><\/td><\/tr><tr><td>Dauner Stra\u00dfe 2<br>54552 Strotzb\u00fcsch<\/td><td>Tel.: (0 65 73) 6 58<br>Fax: (0 65 73) 18 07<\/td><\/tr><tr><td>e-Mail: <a href=\"mailto:info@siebenbachtal.de\">info@siebenbachtal.de<\/a><\/td><td><a href=\"http:\/\/www.siebenbachtal.de\" target=\"_blank\" rel=\"noreferrer noopener\">www.siebenbachtal.de<\/a><\/td><\/tr><\/tbody><\/table><\/figure>\n\n\n\n<figure class=\"wp-block-table\"><table class=\"has-fixed-layout\"><tbody><tr><td><strong>Seniorenheim Felicitas<\/strong><\/td><td><\/td><\/tr><tr><td>Pflegeheim mit 24-Std.-Pflege<\/td><td>Ansprechpartner:<br><strong>Katja K\u00f6nig<\/strong><\/td><\/tr><tr><td>Auf Adelberg<br>54552 Strotzb\u00fcsch<\/td><td>Tel.: (0 65 73) 95 38 66<br>Fax: (0 65 73) 95 36 77<\/td><\/tr><tr><td><a href=\"http:\/\/www.hausfelicitas.com\" target=\"_blank\" rel=\"noreferrer noopener\">www.hausfelicitas.com<\/a><\/td><td><\/td><\/tr><\/tbody><\/table><\/figure>\n\n\n\n<figure class=\"wp-block-table\"><table class=\"has-fixed-layout\"><tbody><tr><td><strong>Schlosserei &amp; Metallbau Schneider<\/strong><\/td><td><\/td><\/tr><tr><td>Gel\u00e4nder, Treppen, Reparatur landw. Maschinen<\/td><td>Ansprechpartner:<br><strong>Paul Schneider<\/strong><\/td><\/tr><tr><td>Hontheimerstra\u00dfe 3<br>54552 Strotzb\u00fcsch<\/td><td>Tel.: (0 65 73) 5 27<br>Fax: (0 65 73) 99 65 27<\/td><\/tr><tr><td>e-Mail: <a href=\"mailto:info@schlosserei-paul-schneider.de\">info@schlosserei-paul-schneider.de<\/a><\/td><td><\/td><\/tr><\/tbody><\/table><\/figure>\n\n\n\n<figure class=\"wp-block-table\"><table class=\"has-fixed-layout\"><tbody><tr><td><strong>K &amp; R Veranstaltungstechnik<\/strong><\/td><td><\/td><\/tr><tr><td>Verleih &amp; Vertrieb von<br>Ton- und Lichtanlagen<\/td><td>Ansprechpartner:<br><strong>Andreas R\u00f6der \u2022 J\u00f6rg Krest<\/strong><\/td><\/tr><tr><td>Auf der Maarh\u00f6he 3<br>54558 Gillenfeld<\/td><td>Tel.: (0 65 73) 99 61 11<br>Fax: (0 65 73) 99 61 12<\/td><\/tr><tr><td>e-Mail: <a href=\"mailto:info@kundr-event.de\">info@kundr-event.de<\/a><\/td><td><a href=\"http:\/\/www.kundr-event.de\" target=\"_blank\" rel=\"noreferrer noopener\">www.kundr-event.de<\/a><\/td><\/tr><\/tbody><\/table><\/figure>\n\n\n\n<figure class=\"wp-block-table\"><table class=\"has-fixed-layout\"><tbody><tr><td><strong>Krippenwelt Schmitz<\/strong><\/td><td><\/td><\/tr><tr><td>Handgefertigte Krippenfiguren &amp;, Deko <\/td><td>Ansprechpartner:<br><strong>Elmar Schmitz<\/strong><\/td><\/tr><tr><td>Im Hofgarten 13b<br>54552 Strotzb\u00fcsch<\/td><td>Tel.: (0 65 73) 6 15<\/td><\/tr><tr><td>e-Mail: <a href=\"mailto:krippenwelt@web.de\">krippenwelt@web.de<\/a><\/td><td><a href=\"http:\/\/www.krippenweltelmarschmitz.de\" target=\"_blank\" rel=\"noreferrer noopener\">www.krippenweltelmarschmitz.de<\/a><\/td><\/tr><\/tbody><\/table><\/figure>\n\n\n\n<figure class=\"wp-block-table\"><table class=\"has-fixed-layout\"><tbody><tr><td><strong>Eifelwind<\/strong><\/td><td><\/td><\/tr><tr><td>Gr\u00fcnfl\u00e4chenpflege, Roden, Mulchen &amp; Arbeiten rund ums Haus<\/td><td><\/td><\/tr><tr><td>Im Hofgarten 13b<br>54552 Strotzb\u00fcsch<\/td><td>Tel.: (0 65 73) 6 15<\/td><\/tr><tr><td>e-Mail: <a href=\"mailto:es.eifelwind@gmail.com\">es.eifelwind@gmail.com<\/a><\/td><td><\/td><\/tr><\/tbody><\/table><\/figure>\n\n\n\n<figure class=\"wp-block-table\"><table class=\"has-fixed-layout\"><tbody><tr><td><strong>Rudis Zementstein Atelier<\/strong><\/td><td><\/td><\/tr><tr><td>Figuren aus Zement in Handarbeit<\/td><td>Ansprechpartner:<br><strong>Rudi Rach<\/strong><\/td><\/tr><tr><td>Hontheimerstra\u00dfe 13<br>54552 Strotzb\u00fcsch<\/td><td>Tel.: (0 65 73) 10 96<br>Fax: (0 65 73) 95 37 26<\/td><\/tr><tr><td>e-Mail: <a href=\"mailto:rachrudi@web.de\">rachrudi@web.de<\/a><\/td><td>eBay Shop: Rudis Zementstein Atelier<\/td><\/tr><\/tbody><\/table><\/figure>\n\n\n\n<figure class=\"wp-block-table\"><table class=\"has-fixed-layout\"><tbody><tr><td><strong>KFZ An- und Verkauf Krest<\/strong><\/td><td><\/td><\/tr><tr><td>Anh\u00e4ngerverleih<\/td><td>Ansprechpartner:<br><strong>Stefan Krest<\/strong><\/td><\/tr><tr><td>Hontheimerstra\u00dfe 22<br>54552 Strotzb\u00fcsch<\/td><td>Tel.: (01 63) 3 91 58 34<br>Fax: (0 65 73) 95 30 31<\/td><\/tr><tr><td><\/td><td><\/td><\/tr><\/tbody><\/table><\/figure>\n\n\n\n<figure class=\"wp-block-table\"><table class=\"has-fixed-layout\"><tbody><tr><td><strong>Reifenhandel und Ersatzteile Krest<\/strong><\/td><td><\/td><\/tr><tr><td>Reparaturen<\/td><td>Ansprechpartner:<br><strong>Christian Krest<\/strong><\/td><\/tr><tr><td>Hontheimerstra\u00dfe 22<br>54552 Strotzb\u00fcsch<\/td><td>Tel.: (01 77) 3 83 72 25<\/td><\/tr><tr><td><\/td><td><\/td><\/tr><\/tbody><\/table><\/figure>\n\n\n\n<figure class=\"wp-block-table\"><table class=\"has-fixed-layout\"><tbody><tr><td><strong>Elektrotechnik Daniel<\/strong><\/td><td><\/td><\/tr><tr><td>Ansprechpartner:<br><strong>Ingo Daniel<\/strong><\/td><td><\/td><\/tr><tr><td>Im Hofgarten 13<br>54552 Strotzb\u00fcsch<\/td><td>Tel.: (0 65 73) 93 57<br>Fax: (0 65 73) 99 64 27<\/td><\/tr><tr><td><\/td><td><\/td><\/tr><\/tbody><\/table><\/figure>\n","protected":false},"excerpt":{"rendered":"<p>Hier finden Sie die in Strotzb\u00fcsch beheimateten Gewerbebetriebe Arca Regler Erstellung von RegelventilenHauptsitz: T\u00f6nisvorst Ansprechpartner:Ralf Engeln Hontheimerstra\u00dfe 5054552 Strotzb\u00fcsch Tel.: (0 65 73) 9 5322 &#8211; 12Fax: (0 65 73) 9 5322 &#8211; 19 e-Mail: en@arca-valve.com www.arca.de Busunternehmen Apitzsch Durchf\u00fchrung <a class=\"more-link\" href=\"https:\/\/strotzbuesch.de\/index.php\/wirtschaft\/\">weiterlesen&#8230;<\/a><\/p>\n","protected":false},"author":3,"featured_media":0,"parent":0,"menu_order":0,"comment_status":"closed","ping_status":"closed","template":"","meta":{"ngg_post_thumbnail":0,"footnotes":""},"class_list":["post-103","page","type-page","status-publish","hentry"],"_links":{"self":[{"href":"https:\/\/strotzbuesch.de\/index.php\/wp-json\/wp\/v2\/pages\/103","targetHints":{"allow":["GET"]}}],"collection":[{"href":"https:\/\/strotzbuesch.de\/index.php\/wp-json\/wp\/v2\/pages"}],"about":[{"href":"https:\/\/strotzbuesch.de\/index.php\/wp-json\/wp\/v2\/types\/page"}],"author":[{"embeddable":true,"href":"https:\/\/strotzbuesch.de\/index.php\/wp-json\/wp\/v2\/users\/3"}],"replies":[{"embeddable":true,"href":"https:\/\/strotzbuesch.de\/index.php\/wp-json\/wp\/v2\/comments?post=103"}],"version-history":[{"count":11,"href":"https:\/\/strotzbuesch.de\/index.php\/wp-json\/wp\/v2\/pages\/103\/revisions"}],"predecessor-version":[{"id":406,"href":"https:\/\/strotzbuesch.de\/index.php\/wp-json\/wp\/v2\/pages\/103\/revisions\/406"}],"wp:attachment":[{"href":"https:\/\/strotzbuesch.de\/index.php\/wp-json\/wp\/v2\/media?parent=103"}],"curies":[{"name":"wp","href":"https:\/\/api.w.org\/{rel}","templated":true}]}}