{"id":164,"date":"2024-09-09T09:18:28","date_gmt":"2024-09-09T09:18:28","guid":{"rendered":"https:\/\/strotzbuesch.de\/?page_id=164"},"modified":"2024-09-10T23:10:18","modified_gmt":"2024-09-10T21:10:18","slug":"satzungen","status":"publish","type":"page","link":"https:\/\/strotzbuesch.de\/index.php\/satzungen\/","title":{"rendered":"Satzungen"},"content":{"rendered":"\n<p>Hier finden Sie die f\u00fcr unseren Ort derzeit aktuell g\u00fcltigen Satzungen<\/p>\n\n\n\n<figure class=\"wp-block-table aligncenter is-style-stripes\"><table class=\"has-fixed-layout\"><tbody><tr><td><strong>Friedhof<\/strong><\/td><td><\/td><td><\/td><\/tr><tr><td>Friedhofsatzung<\/td><td>vom 13. Juli 2017<\/td><td><a href=\"https:\/\/strotzbuesch.de\/wp-content\/uploads\/2024\/09\/friedhofssatzung.pdf\" target=\"_blank\" rel=\"noreferrer noopener\">Friedhofsatzung<\/a><\/td><\/tr><tr><td>Friedhofgeb\u00fchrensatzung <\/td><td>vom 22. Juni 2023<\/td><td><a href=\"https:\/\/strotzbuesch.de\/wp-content\/uploads\/2024\/09\/Friedhofsgebuehrensatzung-22.03.2023-Strotzbuesch.pdf\" target=\"_blank\" rel=\"noreferrer noopener\">Friedhofgeb\u00fchrensatzung<\/a><\/td><\/tr><\/tbody><\/table><\/figure>\n\n\n\n<hr class=\"wp-block-separator has-alpha-channel-opacity is-style-wide\"\/>\n\n\n\n<figure class=\"wp-block-table is-style-stripes\"><table class=\"has-fixed-layout\"><tbody><tr><td><strong>B\u00fcrgerhaus<\/strong><\/td><td><\/td><td><\/td><\/tr><tr><td>Benutzungsordnung B\u00fcrgerhaus<\/td><td>vom 09. Januar 2017<\/td><td><a href=\"https:\/\/strotzbuesch.de\/wp-content\/uploads\/2024\/09\/benutzungsordnung-buergerhaus.pdf\" target=\"_blank\" rel=\"noreferrer noopener\">Benutzungsordnung B\u00fcrgerhaus<\/a><\/td><\/tr><tr><td>Geb\u00fchrenordnung B\u00fcrgerhaus<\/td><td>vom 09. Januar 2017<\/td><td><a href=\"https:\/\/strotzbuesch.de\/wp-content\/uploads\/2024\/09\/gebuehrenordnung-buergerhaus.pdf\" target=\"_blank\" rel=\"noreferrer noopener\">Gebuehrenordnung B\u00fcrgerhaus<\/a><\/td><\/tr><\/tbody><\/table><\/figure>\n\n\n\n<hr class=\"wp-block-separator has-alpha-channel-opacity is-style-wide\"\/>\n\n\n\n<figure class=\"wp-block-table is-style-stripes\"><table class=\"has-fixed-layout\"><tbody><tr><td><strong>Tourismus<\/strong><\/td><td><\/td><td><\/td><\/tr><tr><td>Tourismusbeitragssatzung<\/td><td>vom 21. Juli 2021<\/td><td><a href=\"https:\/\/strotzbuesch.de\/wp-content\/uploads\/2024\/09\/hebesatzung-tourismusbeitrag.pdf\" target=\"_blank\" rel=\"noreferrer noopener\">Hebesatzung f\u00fcr Tourismusbeitrag<\/a><\/td><\/tr><\/tbody><\/table><\/figure>\n\n\n\n<hr class=\"wp-block-separator has-alpha-channel-opacity is-style-wide\"\/>\n\n\n\n<figure class=\"wp-block-table is-style-stripes\"><table class=\"has-fixed-layout\"><tbody><tr><td><strong>Generelle Satzungen<\/strong><\/td><td><\/td><td><\/td><\/tr><tr><td>Hauptsatzung<\/td><td>vom 04. August 2007<\/td><td><a href=\"https:\/\/strotzbuesch.de\/wp-content\/uploads\/2024\/09\/hauptsatzung-og-strotzbuesch-1.pdf\" target=\"_blank\" rel=\"noreferrer noopener\">Hauptsatzung der Ortsgemeinde<\/a><\/td><\/tr><tr><td>Steuers\u00e4tze<\/td><td>vom 13. Juli 2017<\/td><td><a href=\"https:\/\/strotzbuesch.de\/wp-content\/uploads\/2024\/09\/steuersaetze-og-strotzbuesch-1.pdf\" target=\"_blank\" rel=\"noreferrer noopener\">Steuers\u00e4tze der Ortsgemeinde<\/a><\/td><\/tr><tr><td>Ehrensatzung<\/td><td>vom 14. Oktober 2015<\/td><td><a href=\"https:\/\/strotzbuesch.de\/wp-content\/uploads\/2024\/09\/ehrensatzung-1.pdf\" target=\"_blank\" rel=\"noreferrer noopener\">Ehrensatzung der Ortsgemeinde<\/a><\/td><\/tr><tr><td>Hundesteuersatzung<\/td><td>vom 15. Februar 2019<\/td><td><a href=\"https:\/\/strotzbuesch.de\/wp-content\/uploads\/2024\/09\/hundesteuersatzung-1.pdf\" target=\"_blank\" rel=\"noreferrer noopener\">Satzung zur Hundesteuer<\/a><\/td><\/tr><\/tbody><\/table><\/figure>\n","protected":false},"excerpt":{"rendered":"<p>Hier finden Sie die f\u00fcr unseren Ort derzeit aktuell g\u00fcltigen Satzungen Friedhof Friedhofsatzung vom 13. Juli 2017 Friedhofsatzung Friedhofgeb\u00fchrensatzung vom 22. Juni 2023 Friedhofgeb\u00fchrensatzung B\u00fcrgerhaus Benutzungsordnung B\u00fcrgerhaus vom 09. Januar 2017 Benutzungsordnung B\u00fcrgerhaus Geb\u00fchrenordnung B\u00fcrgerhaus vom 09. Januar 2017 Gebuehrenordnung <a class=\"more-link\" href=\"https:\/\/strotzbuesch.de\/index.php\/satzungen\/\">weiterlesen&#8230;<\/a><\/p>\n","protected":false},"author":3,"featured_media":0,"parent":0,"menu_order":0,"comment_status":"closed","ping_status":"closed","template":"","meta":{"ngg_post_thumbnail":0,"footnotes":""},"class_list":["post-164","page","type-page","status-publish","hentry"],"_links":{"self":[{"href":"https:\/\/strotzbuesch.de\/index.php\/wp-json\/wp\/v2\/pages\/164","targetHints":{"allow":["GET"]}}],"collection":[{"href":"https:\/\/strotzbuesch.de\/index.php\/wp-json\/wp\/v2\/pages"}],"about":[{"href":"https:\/\/strotzbuesch.de\/index.php\/wp-json\/wp\/v2\/types\/page"}],"author":[{"embeddable":true,"href":"https:\/\/strotzbuesch.de\/index.php\/wp-json\/wp\/v2\/users\/3"}],"replies":[{"embeddable":true,"href":"https:\/\/strotzbuesch.de\/index.php\/wp-json\/wp\/v2\/comments?post=164"}],"version-history":[{"count":56,"href":"https:\/\/strotzbuesch.de\/index.php\/wp-json\/wp\/v2\/pages\/164\/revisions"}],"predecessor-version":[{"id":514,"href":"https:\/\/strotzbuesch.de\/index.php\/wp-json\/wp\/v2\/pages\/164\/revisions\/514"}],"wp:attachment":[{"href":"https:\/\/strotzbuesch.de\/index.php\/wp-json\/wp\/v2\/media?parent=164"}],"curies":[{"name":"wp","href":"https:\/\/api.w.org\/{rel}","templated":true}]}}