{"id":165,"date":"2024-09-09T09:18:28","date_gmt":"2024-09-09T09:18:28","guid":{"rendered":"https:\/\/strotzbuesch.de\/?page_id=165"},"modified":"2025-04-03T15:20:44","modified_gmt":"2025-04-03T13:20:44","slug":"buergerhaus","status":"publish","type":"page","link":"https:\/\/strotzbuesch.de\/index.php\/buergerhaus\/","title":{"rendered":"B\u00fcrgerhaus"},"content":{"rendered":"<p><img fetchpriority=\"high\" decoding=\"async\" src=\"https:\/\/strotzbuesch.de\/wp-content\/uploads\/2024\/12\/03-gemeinde-buergerhaus.jpg\" sizes=\"(max-width: 540px) 100vw, 540px\" srcset=\"https:\/\/strotzbuesch.de\/wp-content\/uploads\/2024\/12\/03-gemeinde-buergerhaus.jpg 1199w, https:\/\/strotzbuesch.de\/wp-content\/uploads\/2024\/12\/03-gemeinde-buergerhaus-300x88.jpg 300w, https:\/\/strotzbuesch.de\/wp-content\/uploads\/2024\/12\/03-gemeinde-buergerhaus-1024x299.jpg 1024w, https:\/\/strotzbuesch.de\/wp-content\/uploads\/2024\/12\/03-gemeinde-buergerhaus-768x224.jpg 768w\" alt=\"\" width=\"540\" height=\"158\"><\/p>\n<p>Unser 2016 neu saniertes B\u00fcrgerhaus hat einen Veranstaltungsraum von 126m\u00b2, sowie eine zus\u00e4tzliche B\u00fchne von 53m\u00b2, welche durch eine Trennwand vom eigentlichen Veranstaltungsraum abgetrennt werden kann. Es ist barrierefrei zu erreichen!<br>Im 18m\u00b2 gro\u00dfen Thekenbereich befinden sich zwei gro\u00dfe Flaschen-K\u00fchlschr\u00e4nke.<br>Die Industriek\u00fcche, die mit Elektroger\u00e4ten und Geschirr f\u00fcr bis zu 120 Personen ausgestattet ist, umfasst insgesamt 25m\u00b2.<\/p>\n<p>Das Mobiliar l\u00e4sst 90 Personen Platz haben.<\/p>\n<p><img decoding=\"async\" src=\"https:\/\/strotzbuesch.de\/wp-content\/uploads\/2025\/01\/buergerhaus-01-klein.jpg\" alt=\"\" width=\"300\" height=\"225\"><\/p>\n<p>Eine moderne Heizungs- und Elektrotechnik (LED) kann allen Anspr\u00fcchen gen\u00fcgen. WLAN, ein hochwertiger Beamer, eine elektrische Leinwand, sowie eine sehr gute Veranstaltungstechnik (B\u00fchnen-, Licht- und Tontechnik) komplettieren unser Angebot und lassen keine W\u00fcnsche offen.<\/p>\n<p>Das B\u00fcrgerhaus wird an Strotzb\u00fcscher B\u00fcrger, an B\u00fcrger aus anderen Ortschaften, sowie an Vereine f\u00fcr verschiedenste Anl\u00e4sse vermietet. Sehr gut eignet es sich vor allem auch f\u00fcr Firmenfeiern und gr\u00f6\u00dfere Meetings.<\/p>\n<p>Die Benutzungs- und Geb\u00fchrenordnungen finden Sie <a href=\"https:\/\/strotzbuesch.de\/index.php\/satzungen\/\">hier<\/a>.Den Etrag der im Jahre 2024 neu errichteten PV-Anlage k\u00f6nnen Sie hier einsehen:&nbsp;<\/p>\n<p>Den Etrag der im Jahre 2024 neu errichteten PV-Anlage k\u00f6nnen Sie hier einsehen: <a href=\"https:\/\/monitoringpublic.solaredge.com\/solaredge-web\/p\/kiosk?guid=1a08132e-ec32-4c95-8161-d9f624db7e79\" target=\"_blank\" rel=\"noopener\">PV-Anlage Ertrags\u00fcbersicht<\/a><\/p>\n\n\n<p><\/p>\n","protected":false},"excerpt":{"rendered":"<p>Unser 2016 neu saniertes B\u00fcrgerhaus hat einen Veranstaltungsraum von 126m\u00b2, sowie eine zus\u00e4tzliche B\u00fchne von 53m\u00b2, welche durch eine Trennwand vom eigentlichen Veranstaltungsraum abgetrennt werden kann. Es ist barrierefrei zu erreichen!Im 18m\u00b2 gro\u00dfen Thekenbereich befinden sich zwei gro\u00dfe Flaschen-K\u00fchlschr\u00e4nke.Die Industriek\u00fcche, <a class=\"more-link\" href=\"https:\/\/strotzbuesch.de\/index.php\/buergerhaus\/\">weiterlesen&#8230;<\/a><\/p>\n","protected":false},"author":3,"featured_media":0,"parent":0,"menu_order":0,"comment_status":"closed","ping_status":"closed","template":"","meta":{"ngg_post_thumbnail":0,"footnotes":""},"class_list":["post-165","page","type-page","status-publish","hentry"],"_links":{"self":[{"href":"https:\/\/strotzbuesch.de\/index.php\/wp-json\/wp\/v2\/pages\/165","targetHints":{"allow":["GET"]}}],"collection":[{"href":"https:\/\/strotzbuesch.de\/index.php\/wp-json\/wp\/v2\/pages"}],"about":[{"href":"https:\/\/strotzbuesch.de\/index.php\/wp-json\/wp\/v2\/types\/page"}],"author":[{"embeddable":true,"href":"https:\/\/strotzbuesch.de\/index.php\/wp-json\/wp\/v2\/users\/3"}],"replies":[{"embeddable":true,"href":"https:\/\/strotzbuesch.de\/index.php\/wp-json\/wp\/v2\/comments?post=165"}],"version-history":[{"count":14,"href":"https:\/\/strotzbuesch.de\/index.php\/wp-json\/wp\/v2\/pages\/165\/revisions"}],"predecessor-version":[{"id":973,"href":"https:\/\/strotzbuesch.de\/index.php\/wp-json\/wp\/v2\/pages\/165\/revisions\/973"}],"wp:attachment":[{"href":"https:\/\/strotzbuesch.de\/index.php\/wp-json\/wp\/v2\/media?parent=165"}],"curies":[{"name":"wp","href":"https:\/\/api.w.org\/{rel}","templated":true}]}}