{"id":170,"date":"2024-09-09T09:18:28","date_gmt":"2024-09-09T09:18:28","guid":{"rendered":"https:\/\/strotzbuesch.de\/?page_id=170"},"modified":"2024-12-04T11:49:48","modified_gmt":"2024-12-04T10:49:48","slug":"seniorenclub","status":"publish","type":"page","link":"https:\/\/strotzbuesch.de\/index.php\/seniorenclub\/","title":{"rendered":"Seniorenclub"},"content":{"rendered":"\n<h1 class=\"wp-block-heading\"><\/h1>\n\n\n\n<p>Den Strotzb\u00fcscher B\u00fcrgern ist es ein Anliegen, dass auch f\u00fcr die Senioren des Ortes noch einiges geboten wird. Daher finden das ganze Jahr \u00fcber verschiedene Veranstaltungen und Aktivit\u00e4ten statt:<\/p>\n\n\n\n<ul class=\"wp-block-list\">\n<li>Senioren-Nachmittag (alle 6 Wochen)<\/li>\n\n\n\n<li>Gemeinde-Seniorentag<\/li>\n\n\n\n<li>N\u00e4rrischer Senioren-Club<\/li>\n\n\n\n<li>Ausflug<\/li>\n\n\n\n<li>Weihnachtsfeier des Senioren-Clubs<\/li>\n<\/ul>\n\n\n\n<p>Alle Strotzb\u00fcscher Senioren sind herzlich dazu eingeladen, an diesen Veranstaltungen teilzunehmen. <\/p>\n","protected":false},"excerpt":{"rendered":"<p>Den Strotzb\u00fcscher B\u00fcrgern ist es ein Anliegen, dass auch f\u00fcr die Senioren des Ortes noch einiges geboten wird. Daher finden das ganze Jahr \u00fcber verschiedene Veranstaltungen und Aktivit\u00e4ten statt: Alle Strotzb\u00fcscher Senioren sind herzlich dazu eingeladen, an diesen Veranstaltungen teilzunehmen.<\/p>\n","protected":false},"author":3,"featured_media":0,"parent":0,"menu_order":0,"comment_status":"closed","ping_status":"closed","template":"","meta":{"ngg_post_thumbnail":0,"footnotes":""},"class_list":["post-170","page","type-page","status-publish","hentry"],"_links":{"self":[{"href":"https:\/\/strotzbuesch.de\/index.php\/wp-json\/wp\/v2\/pages\/170","targetHints":{"allow":["GET"]}}],"collection":[{"href":"https:\/\/strotzbuesch.de\/index.php\/wp-json\/wp\/v2\/pages"}],"about":[{"href":"https:\/\/strotzbuesch.de\/index.php\/wp-json\/wp\/v2\/types\/page"}],"author":[{"embeddable":true,"href":"https:\/\/strotzbuesch.de\/index.php\/wp-json\/wp\/v2\/users\/3"}],"replies":[{"embeddable":true,"href":"https:\/\/strotzbuesch.de\/index.php\/wp-json\/wp\/v2\/comments?post=170"}],"version-history":[{"count":3,"href":"https:\/\/strotzbuesch.de\/index.php\/wp-json\/wp\/v2\/pages\/170\/revisions"}],"predecessor-version":[{"id":877,"href":"https:\/\/strotzbuesch.de\/index.php\/wp-json\/wp\/v2\/pages\/170\/revisions\/877"}],"wp:attachment":[{"href":"https:\/\/strotzbuesch.de\/index.php\/wp-json\/wp\/v2\/media?parent=170"}],"curies":[{"name":"wp","href":"https:\/\/api.w.org\/{rel}","templated":true}]}}