{"id":204,"date":"2024-09-09T09:47:15","date_gmt":"2024-09-09T09:47:15","guid":{"rendered":"https:\/\/strotzbuesch.de\/?page_id=204"},"modified":"2024-09-21T13:34:33","modified_gmt":"2024-09-21T11:34:33","slug":"thermalquelle","status":"publish","type":"page","link":"https:\/\/strotzbuesch.de\/index.php\/thermalquelle\/","title":{"rendered":"Thermalquelle"},"content":{"rendered":"\n<p><\/p>\n\n\n\n<p>Etwa 150 m n\u00f6rdlich der Strotzb\u00fcscher M\u00fchle liegt im \u00dc\u00dfbachtal eine Thermal- und&nbsp;Mineralquelle, deren Wasser mit einer Temperatur von ca. 20 Grad Celsius zu den warmen Quellw\u00e4ssern der Mineralwasserprovinz Westeifel-Moseltal geh\u00f6rt.<\/p>\n\n\n<div class=\"wp-block-image\">\n<figure class=\"alignright\"><a href=\"javascript:void(window.open('\/i\/2921\/sta70368-button.jpg','','resizable=no,location=no,menubar=no,scrollbars=no,status=no,toolbar=no,fullscreen=no,dependent=no,width=640,height=480'))\"><img decoding=\"async\" src=\"https:\/\/www.strotzbuesch-vulkaneifel.de\/i\/2920\/sta70368.jpg\" alt=\"\"\/><\/a><\/figure>\n<\/div>\n\n\n<p>Die Enstehung der Eifeler Mineralquellen l\u00e4sst sich auf die vulkanischen T\u00e4tigkeiten der Quart\u00e4r-Zeit zur\u00fcckf\u00fchren, von denen vulkanische Gesteine in der Umgebung von Strotzb\u00fcsch zeugen. Diese Gesteine liegen etwa 1 km nordwestlich der Mineralquelle auf gefalteten Gesteinsschichtenfolgen der Unterdevon-Zeit, die hier aus Sandstein, sandigen Tonschiefern das Grundgebirge aufbauen.<\/p>\n\n\n\n<p>\u00dcber die Geschichte der Mineralquelle von Strotzb\u00fcsch, ihre Nutzung und Entdeckung, ist wenig bekannt. Aus einem geologischen Gutachten geht nur hervor, dass die Mineralquelle 1938 etwa 3-4 m unter dem Wasserspiegel der Ue\u00df mit einer Stahlglocke gefasst wurde. \u00dcber ein Steigrohr gelangte das Mineralwasser zur Erdoberfl\u00e4che. Die Sch\u00fcttung der Quelle betrug etwa 42 Liter pro Minute. Als das Stahlsteigrohr sp\u00e4ter abbrach, ersetzte man es durch ein Kunststoffrohr. 1969 entschlo\u00df man sich, die Quelle durch eine Bohrung von 6,20m Tiefe neu zu fassen.<\/p>\n\n\n\n<p>In dem warmen Quellwasser der Mineralquelle von Strotzb\u00fcsch sind 4030 mg Mineralstoffe pro Liter gel\u00f6st. Mit 614 mg\/l gel\u00f6stem CO<sup>2<\/sup> kann es als S\u00e4uerling eingestuft und nach seiner Zusammensetzung als <strong>Natrium-Hydrogenkarbonat-Chlorid-Wasser<\/strong> bezeichnet werden. Es unterscheidet sich damit eindeutig von dem nahegelegenen, 32 Grad Celsius warmen Wasser der Bad Bertricher Heilquellen, bei denen es sich um Natrium-Hydrogenkarbonat-Sulfat-Wasser handelt mit nur 2300 mg gel\u00f6sten Mineralstoffen pro Liter.<\/p>\n\n\n\n<p>Das Mineralwasser soll bei Magen- und Darmerkrankungen, aber auch bei Hauterkrankungen eine heilende Wirkung entfalten.<\/p>\n\n\n\n<div class=\"wp-block-media-text is-stacked-on-mobile is-vertically-aligned-center\" style=\"grid-template-columns:25% auto\"><figure class=\"wp-block-media-text__media\"><img fetchpriority=\"high\" decoding=\"async\" width=\"246\" height=\"245\" src=\"https:\/\/strotzbuesch.de\/wp-content\/uploads\/2024\/09\/Quelle_MIneralien.gif\" alt=\"\" class=\"wp-image-660 size-full\"\/><\/figure><div class=\"wp-block-media-text__content\">\n<p><strong>Zusammensetzung des Quellwassers:<\/strong><\/p>\n\n\n\n<div class=\"wp-block-columns is-layout-flex wp-container-core-columns-is-layout-9d6595d7 wp-block-columns-is-layout-flex\">\n<div class=\"wp-block-column is-layout-flow wp-block-column-is-layout-flow\">\n<p><strong>Kationen<\/strong><\/p>\n<\/div>\n\n\n\n<div class=\"wp-block-column is-layout-flow wp-block-column-is-layout-flow\">\n<p><\/p>\n<\/div>\n<\/div>\n\n\n\n<div class=\"wp-block-columns is-layout-flex wp-container-core-columns-is-layout-9d6595d7 wp-block-columns-is-layout-flex\">\n<div class=\"wp-block-column is-layout-flow wp-block-column-is-layout-flow\">\n<p>Na<\/p>\n<\/div>\n\n\n\n<div class=\"wp-block-column is-layout-flow wp-block-column-is-layout-flow\">\n<p class=\"has-text-align-right\">1170 mg\/l<\/p>\n<\/div>\n<\/div>\n\n\n\n<div class=\"wp-block-columns is-layout-flex wp-container-core-columns-is-layout-9d6595d7 wp-block-columns-is-layout-flex\">\n<div class=\"wp-block-column is-layout-flow wp-block-column-is-layout-flow\">\n<p>K<\/p>\n<\/div>\n\n\n\n<div class=\"wp-block-column is-layout-flow wp-block-column-is-layout-flow\">\n<p class=\"has-text-align-right\">22,6 mg\/l<\/p>\n<\/div>\n<\/div>\n\n\n\n<div class=\"wp-block-columns is-layout-flex wp-container-core-columns-is-layout-9d6595d7 wp-block-columns-is-layout-flex\">\n<div class=\"wp-block-column is-layout-flow wp-block-column-is-layout-flow\">\n<p>Ca<\/p>\n<\/div>\n\n\n\n<div class=\"wp-block-column is-layout-flow wp-block-column-is-layout-flow\">\n<p class=\"has-text-align-right\">30,1 mg\/l<\/p>\n<\/div>\n<\/div>\n\n\n\n<div class=\"wp-block-columns is-layout-flex wp-container-core-columns-is-layout-9d6595d7 wp-block-columns-is-layout-flex\">\n<div class=\"wp-block-column is-layout-flow wp-block-column-is-layout-flow\">\n<p>Mg<\/p>\n<\/div>\n\n\n\n<div class=\"wp-block-column is-layout-flow wp-block-column-is-layout-flow\">\n<p class=\"has-text-align-right\">40,1 mg\/l<\/p>\n<\/div>\n<\/div>\n\n\n\n<div class=\"wp-block-columns is-layout-flex wp-container-core-columns-is-layout-9d6595d7 wp-block-columns-is-layout-flex\">\n<div class=\"wp-block-column is-layout-flow wp-block-column-is-layout-flow\">\n<p>Fe<\/p>\n<\/div>\n\n\n\n<div class=\"wp-block-column is-layout-flow wp-block-column-is-layout-flow\">\n<p class=\"has-text-align-right\">0,4 mg\/l<\/p>\n<\/div>\n<\/div>\n\n\n\n<div class=\"wp-block-columns is-layout-flex wp-container-core-columns-is-layout-9d6595d7 wp-block-columns-is-layout-flex\">\n<div class=\"wp-block-column is-layout-flow wp-block-column-is-layout-flow\">\n<p>Mn<\/p>\n<\/div>\n\n\n\n<div class=\"wp-block-column is-layout-flow wp-block-column-is-layout-flow\">\n<p class=\"has-text-align-right\">0,1 mg\/l<\/p>\n<\/div>\n<\/div>\n\n\n\n<div class=\"wp-block-columns is-layout-flex wp-container-core-columns-is-layout-9d6595d7 wp-block-columns-is-layout-flex\">\n<div class=\"wp-block-column is-layout-flow wp-block-column-is-layout-flow\">\n<p><strong>Anionen<\/strong><\/p>\n<\/div>\n\n\n\n<div class=\"wp-block-column is-layout-flow wp-block-column-is-layout-flow\">\n<p><\/p>\n<\/div>\n<\/div>\n\n\n\n<div class=\"wp-block-columns is-layout-flex wp-container-core-columns-is-layout-9d6595d7 wp-block-columns-is-layout-flex\">\n<div class=\"wp-block-column is-layout-flow wp-block-column-is-layout-flow\">\n<p>SO<\/p>\n<\/div>\n\n\n\n<div class=\"wp-block-column is-layout-flow wp-block-column-is-layout-flow\">\n<p class=\"has-text-align-right\">343 mg\/l<\/p>\n<\/div>\n<\/div>\n\n\n\n<div class=\"wp-block-columns is-layout-flex wp-container-core-columns-is-layout-9d6595d7 wp-block-columns-is-layout-flex\">\n<div class=\"wp-block-column is-layout-flow wp-block-column-is-layout-flow\">\n<p>HCO<\/p>\n<\/div>\n\n\n\n<div class=\"wp-block-column is-layout-flow wp-block-column-is-layout-flow\">\n<p class=\"has-text-align-right\">343 mg\/l<\/p>\n<\/div>\n<\/div>\n\n\n\n<div class=\"wp-block-columns is-layout-flex wp-container-core-columns-is-layout-9d6595d7 wp-block-columns-is-layout-flex\">\n<div class=\"wp-block-column is-layout-flow wp-block-column-is-layout-flow\">\n<p>NO<\/p>\n<\/div>\n\n\n\n<div class=\"wp-block-column is-layout-flow wp-block-column-is-layout-flow\">\n<p class=\"has-text-align-right\">1644 mg\/l<\/p>\n<\/div>\n<\/div>\n\n\n\n<div class=\"wp-block-columns is-layout-flex wp-container-core-columns-is-layout-9d6595d7 wp-block-columns-is-layout-flex\">\n<div class=\"wp-block-column is-layout-flow wp-block-column-is-layout-flow\">\n<p>CI<\/p>\n<\/div>\n\n\n\n<div class=\"wp-block-column is-layout-flow wp-block-column-is-layout-flow\">\n<p class=\"has-text-align-right\">779,8 mg\/l<\/p>\n<\/div>\n<\/div>\n\n\n\n<div class=\"wp-block-columns is-layout-flex wp-container-core-columns-is-layout-9d6595d7 wp-block-columns-is-layout-flex\">\n<div class=\"wp-block-column is-layout-flow wp-block-column-is-layout-flow\"><\/div>\n\n\n\n<div class=\"wp-block-column is-layout-flow wp-block-column-is-layout-flow\"><\/div>\n<\/div>\n<\/div><\/div>\n\n\n\n<div class=\"wp-block-group is-nowrap is-layout-flex wp-container-core-group-is-layout-ad2f72ca wp-block-group-is-layout-flex\">\n<div class=\"wp-block-columns is-layout-flex wp-container-core-columns-is-layout-9d6595d7 wp-block-columns-is-layout-flex\">\n<div class=\"wp-block-column is-layout-flow wp-block-column-is-layout-flow\" style=\"flex-basis:30%\"><\/div>\n<\/div>\n<\/div>\n\n\n\n<p><\/p>\n\n\n\n<p><\/p>\n","protected":false},"excerpt":{"rendered":"<p>Etwa 150 m n\u00f6rdlich der Strotzb\u00fcscher M\u00fchle liegt im \u00dc\u00dfbachtal eine Thermal- und&nbsp;Mineralquelle, deren Wasser mit einer Temperatur von ca. 20 Grad Celsius zu den warmen Quellw\u00e4ssern der Mineralwasserprovinz Westeifel-Moseltal geh\u00f6rt. Die Enstehung der Eifeler Mineralquellen l\u00e4sst sich auf die <a class=\"more-link\" href=\"https:\/\/strotzbuesch.de\/index.php\/thermalquelle\/\">weiterlesen&#8230;<\/a><\/p>\n","protected":false},"author":3,"featured_media":0,"parent":0,"menu_order":0,"comment_status":"closed","ping_status":"closed","template":"","meta":{"ngg_post_thumbnail":0,"footnotes":""},"class_list":["post-204","page","type-page","status-publish","hentry"],"_links":{"self":[{"href":"https:\/\/strotzbuesch.de\/index.php\/wp-json\/wp\/v2\/pages\/204","targetHints":{"allow":["GET"]}}],"collection":[{"href":"https:\/\/strotzbuesch.de\/index.php\/wp-json\/wp\/v2\/pages"}],"about":[{"href":"https:\/\/strotzbuesch.de\/index.php\/wp-json\/wp\/v2\/types\/page"}],"author":[{"embeddable":true,"href":"https:\/\/strotzbuesch.de\/index.php\/wp-json\/wp\/v2\/users\/3"}],"replies":[{"embeddable":true,"href":"https:\/\/strotzbuesch.de\/index.php\/wp-json\/wp\/v2\/comments?post=204"}],"version-history":[{"count":14,"href":"https:\/\/strotzbuesch.de\/index.php\/wp-json\/wp\/v2\/pages\/204\/revisions"}],"predecessor-version":[{"id":678,"href":"https:\/\/strotzbuesch.de\/index.php\/wp-json\/wp\/v2\/pages\/204\/revisions\/678"}],"wp:attachment":[{"href":"https:\/\/strotzbuesch.de\/index.php\/wp-json\/wp\/v2\/media?parent=204"}],"curies":[{"name":"wp","href":"https:\/\/api.w.org\/{rel}","templated":true}]}}