{"id":206,"date":"2024-09-09T09:47:15","date_gmt":"2024-09-09T09:47:15","guid":{"rendered":"https:\/\/strotzbuesch.de\/?page_id=206"},"modified":"2024-09-23T15:15:51","modified_gmt":"2024-09-23T13:15:51","slug":"roemergrab","status":"publish","type":"page","link":"https:\/\/strotzbuesch.de\/index.php\/roemergrab\/","title":{"rendered":"R\u00f6mergrab"},"content":{"rendered":"\n<div class=\"wp-block-media-text has-media-on-the-right is-stacked-on-mobile\" style=\"font-style:normal;font-weight:400;grid-template-columns:auto 20%\"><div class=\"wp-block-media-text__content\">\n<p><strong>Der &#8222;Strotzb\u00fcscher Tumm&#8220;<\/strong><\/p>\n\n\n\n<p><a href=\"javascript:void(window.open('\/i\/2917\/sta70365-button.jpg','','resizable=no,location=no,menubar=no,scrollbars=no,status=no,toolbar=no,fullscreen=no,dependent=no,width=640,height=480'))\"><\/a>Der r\u00f6mische Tumulus ist ein Grabh\u00fcgel mit tonnengew\u00f6lbter Grabkammer aus m\u00e4chtigen Rotsandsteinquadern.<\/p>\n\n\n\n<p>Es ist eine Familiengrabst\u00e4tte eines reichen gallo-r\u00f6mischen Gro\u00dfgrundbesitzers aus dem 3. Jahrhundert n.Chr., erstmals 1821 auf Initiative des damaligen Dauner Landrats Avenarius untersucht.<br>1975 bei einem Arrondierungsversuchs besch\u00e4digt und 1976 erneut freigelegt.<\/p>\n\n\n\n<p><\/p>\n\n\n\n<p><\/p>\n\n\n\n<p><\/p>\n\n\n\n<p><\/p>\n<\/div><figure class=\"wp-block-media-text__media\"><img decoding=\"async\" width=\"150\" height=\"112\" src=\"https:\/\/strotzbuesch.de\/wp-content\/uploads\/2024\/09\/Roemergrab1.jpg\" alt=\"\" class=\"wp-image-681 size-full\"\/><\/figure><\/div>\n\n\n\n<div class=\"wp-block-media-text has-media-on-the-right is-stacked-on-mobile\" style=\"grid-template-columns:auto 15%\"><div class=\"wp-block-media-text__content\">\n<p>Schutzbau und jetzige Pr\u00e4sentation seit 2003 mit F\u00f6rdermitteln der Dorferneuerung, der Europ\u00e4ischen Union und\u00a0des Landesamtes f\u00fcr Denkmalpflege. Das R\u00f6mergrab befindet sich ca. 150 m hinter der Strotzb\u00fcscher Kreuzung (B421) in Richtung Oberscheidweiler (L 52).<\/p>\n<\/div><figure class=\"wp-block-media-text__media\"><\/figure><\/div>\n\n\n\n<div class=\"wp-block-media-text has-media-on-the-right is-stacked-on-mobile\" style=\"grid-template-columns:auto 20%\"><div class=\"wp-block-media-text__content\">\n<p><strong>Text der Grabbeschreibung von Dr. Karl-Josef Gilles:<\/strong><\/p>\n\n\n\n<p>Der &#8222;Strotzb\u00fcscher Tumm&#8220; (abgeleitet von &#8222;Tumulus&#8220; = Grabh\u00fcgel) l\u00e4\u00dft, obwohl er 1975 bei <a href=\"javascript:void(window.open('\/i\/2915\/sta70366-button.jpg','','resizable=no,location=no,menubar=no,scrollbars=no,status=no,toolbar=no,fullscreen=no,dependent=no,width=480,height=640'))\"><\/a>Arrondierungsma\u00dfnahmen seitlich gekappt wurde, zumindest von Norden und Osten noch seine ehemalige Gr\u00f6\u00dfe erahnen. Die einst wohl bis zu 6 m hohe Erdansch\u00fcttung \u00fcberdeckte eine aus m\u00e4chtigen Rotsandsteinquadern in viel Lagen aufgebaute und tonnenf\u00f6rmig \u00fcberw\u00f6lbte Grabkammer (2,40 x 1,90 m, lichte H\u00f6he urspr\u00fcnglich 1,90 m). Im Gew\u00f6lbescheitel war eine rechteckige \u00d6ffnung (zur Versorgung der Toten) eingearbeitet. Der Boden bestand aus in Sto\u00df und Oberfl\u00e4che gegl\u00e4tteten Quadern. Im Bereich der W\u00e4nde lassen einige Quader noch die Steinmetzzeichen &#8222;VI&#8220; und &#8222;AM&#8220; erkennen.<\/p>\n\n\n\n<p><\/p>\n<\/div><figure class=\"wp-block-media-text__media\"><img decoding=\"async\" width=\"112\" height=\"150\" src=\"https:\/\/strotzbuesch.de\/wp-content\/uploads\/2024\/09\/Roemergrab2.jpg\" alt=\"\" class=\"wp-image-682 size-full\"\/><\/figure><\/div>\n\n\n\n<div class=\"wp-block-media-text is-stacked-on-mobile\" style=\"grid-template-columns:25% auto\"><figure class=\"wp-block-media-text__media\"><img decoding=\"async\" width=\"167\" height=\"200\" src=\"https:\/\/strotzbuesch.de\/wp-content\/uploads\/2024\/09\/Roemergrab3.jpg\" alt=\"\" class=\"wp-image-684 size-full\"\/><\/figure><div class=\"wp-block-media-text__content\">\n<p>Von der Kammer f\u00fchrte nach Westen ein aus zugerichteten Lavabl\u00f6cken gebildeter Gang (L. 5,70 m, H\u00f6he und Breite ca. 1 m), der aus langrechteckigen Bodenplatten, senkrecht stehenden Bl\u00f6cken und massiven Deckquadern gebildet wurde. Der Verschluss des Zugangs ist nicht mehr erhalten. Stark besch\u00e4digt ist auch der erste Deckenquader, in den eine dreiviertelkreisf\u00f6rmige \u00d6ffnung, vermutlich der Teil einer ehemaligen Zugangssperre, eingearbeitet war. Der abgedeckte und nur der Familie bekannte Zugang konnte im Bedarfsfalle f\u00fcr weitere Bestattungen ge\u00f6ffnet werden.<\/p>\n<\/div><\/div>\n\n\n\n<div class=\"wp-block-media-text has-media-on-the-right is-stacked-on-mobile\" style=\"grid-template-columns:auto 25%\"><div class=\"wp-block-media-text__content\">\n<p>Obwohl bei den Ausgrabungen im Jahre 1821 keine Bestattungsreste mehr angetroffen werden konnten,<\/p>\n\n\n\n<p>Grabr\u00e4uber hatten den H\u00fcgel offenbar schon zuvor ausgeraubt &#8211; diente die Grabkammer wohl w\u00e4hrend des 3. Jahrhunderts n.Chr. als Grabst\u00e4tte einer reicheren Familie.<\/p>\n<\/div><figure class=\"wp-block-media-text__media\"><img loading=\"lazy\" decoding=\"async\" width=\"150\" height=\"112\" src=\"https:\/\/strotzbuesch.de\/wp-content\/uploads\/2024\/09\/Roemergrab4-1.jpg\" alt=\"\" class=\"wp-image-685 size-full\"\/><\/figure><\/div>\n","protected":false},"excerpt":{"rendered":"<p>Der &#8222;Strotzb\u00fcscher Tumm&#8220; Der r\u00f6mische Tumulus ist ein Grabh\u00fcgel mit tonnengew\u00f6lbter Grabkammer aus m\u00e4chtigen Rotsandsteinquadern. Es ist eine Familiengrabst\u00e4tte eines reichen gallo-r\u00f6mischen Gro\u00dfgrundbesitzers aus dem 3. Jahrhundert n.Chr., erstmals 1821 auf Initiative des damaligen Dauner Landrats Avenarius untersucht.1975 bei einem <a class=\"more-link\" href=\"https:\/\/strotzbuesch.de\/index.php\/roemergrab\/\">weiterlesen&#8230;<\/a><\/p>\n","protected":false},"author":3,"featured_media":556,"parent":0,"menu_order":0,"comment_status":"closed","ping_status":"closed","template":"","meta":{"ngg_post_thumbnail":0,"footnotes":""},"class_list":["post-206","page","type-page","status-publish","has-post-thumbnail","hentry"],"_links":{"self":[{"href":"https:\/\/strotzbuesch.de\/index.php\/wp-json\/wp\/v2\/pages\/206","targetHints":{"allow":["GET"]}}],"collection":[{"href":"https:\/\/strotzbuesch.de\/index.php\/wp-json\/wp\/v2\/pages"}],"about":[{"href":"https:\/\/strotzbuesch.de\/index.php\/wp-json\/wp\/v2\/types\/page"}],"author":[{"embeddable":true,"href":"https:\/\/strotzbuesch.de\/index.php\/wp-json\/wp\/v2\/users\/3"}],"replies":[{"embeddable":true,"href":"https:\/\/strotzbuesch.de\/index.php\/wp-json\/wp\/v2\/comments?post=206"}],"version-history":[{"count":10,"href":"https:\/\/strotzbuesch.de\/index.php\/wp-json\/wp\/v2\/pages\/206\/revisions"}],"predecessor-version":[{"id":700,"href":"https:\/\/strotzbuesch.de\/index.php\/wp-json\/wp\/v2\/pages\/206\/revisions\/700"}],"wp:featuredmedia":[{"embeddable":true,"href":"https:\/\/strotzbuesch.de\/index.php\/wp-json\/wp\/v2\/media\/556"}],"wp:attachment":[{"href":"https:\/\/strotzbuesch.de\/index.php\/wp-json\/wp\/v2\/media?parent=206"}],"curies":[{"name":"wp","href":"https:\/\/api.w.org\/{rel}","templated":true}]}}