{"id":208,"date":"2024-09-09T09:47:15","date_gmt":"2024-09-09T09:47:15","guid":{"rendered":"https:\/\/strotzbuesch.de\/?page_id=208"},"modified":"2024-12-18T13:11:40","modified_gmt":"2024-12-18T12:11:40","slug":"strotzbuescher-muehle","status":"publish","type":"page","link":"https:\/\/strotzbuesch.de\/index.php\/strotzbuescher-muehle\/","title":{"rendered":"Strotzb\u00fcscher M\u00fchle"},"content":{"rendered":"\t\t<div data-elementor-type=\"wp-page\" data-elementor-id=\"208\" class=\"elementor elementor-208\">\n\t\t\t\t<div class=\"elementor-element elementor-element-6a4e7151 e-flex e-con-boxed e-con e-parent\" data-id=\"6a4e7151\" data-element_type=\"container\" data-e-type=\"container\">\n\t\t\t\t\t<div class=\"e-con-inner\">\n\t\t\t\t<div class=\"elementor-element elementor-element-07fd02a elementor-widget elementor-widget-image\" data-id=\"07fd02a\" data-element_type=\"widget\" data-e-type=\"widget\" data-widget_type=\"image.default\">\n\t\t\t\t<div class=\"elementor-widget-container\">\n\t\t\t\t\t\t\t\t\t\t\t\t\t\t\t<img fetchpriority=\"high\" decoding=\"async\" width=\"1200\" height=\"514\" src=\"https:\/\/strotzbuesch.de\/wp-content\/uploads\/2024\/12\/strotzbuschermuhle-1200x514.jpg\" class=\"attachment-catchbase-slider size-catchbase-slider wp-image-920\" alt=\"\" \/>\t\t\t\t\t\t\t\t\t\t\t\t\t\t\t<\/div>\n\t\t\t\t<\/div>\n\t\t\t\t<div class=\"elementor-element elementor-element-7921044e elementor-widget elementor-widget-text-editor\" data-id=\"7921044e\" data-element_type=\"widget\" data-e-type=\"widget\" data-widget_type=\"text-editor.default\">\n\t\t\t\t<div class=\"elementor-widget-container\">\n\t\t\t\t\t\t\t\t\t\n<p>Die letzte M\u00fchle im Kreis Vulkaneifel, deren Wasserrad vom \u00dc\u00dfbach getrieben wurde, war die Strotzb\u00fcscher M\u00fchle &#8211; romantisch gelegen im \u00dc\u00dfbachtal. Die Strotzb\u00fcscher nennen das \u00dc\u00dfbachtal auch Siebenbachtal, weil man von der Anh\u00f6he aus siebenmal den Bach sieht, der sich durch die engen Talschluchten windet.<\/p>\n\n\n\n<p>Der erste M\u00fcller in der Strotzb\u00fcscher M\u00fchle wurde 1701 erw\u00e4hnt. Der M\u00fchlen-Neubau begann 1838. Diese Jahreszahl findet sich auch auf dem T\u00fcrstein der jetzigen M\u00fchle.<\/p>\n\n\n\n<p>Die M\u00fchle ist heute noch bewohnt und bietet G\u00e4sten eine Unterkunft.<\/p>\n\n\n\n<p>Auch heute noch wird ein Teil des Stroms f\u00fcr die M\u00fchle durch Wasserkraft gewonnen.<\/p>\n\n\n\n<p>Das \u00dc\u00dfbachtal ist eines der sch\u00f6nsten T\u00e4ler in der Vulkaneifel.<\/p>\n\n\n\n<p><a href=\"http:\/\/www.strotzb\u00fcscherm\u00fchle.de\" target=\"_blank\" rel=\"noreferrer noopener\">Hier<\/a> geht&#8217;s direkt zum Internetauftritt der Strotzb\u00fcscher M\u00fchle.<\/p>\n\t\t\t\t\t\t\t\t<\/div>\n\t\t\t\t<\/div>\n\t\t\t\t\t<\/div>\n\t\t\t\t<\/div>\n\t\t<div class=\"elementor-element elementor-element-f20493a e-flex e-con-boxed e-con e-parent\" data-id=\"f20493a\" data-element_type=\"container\" data-e-type=\"container\">\n\t\t\t\t\t<div class=\"e-con-inner\">\n\t\t\t\t\t<\/div>\n\t\t\t\t<\/div>\n\t\t\t\t<\/div>\n\t\t","protected":false},"excerpt":{"rendered":"<p>Die letzte M\u00fchle im Kreis Vulkaneifel, deren Wasserrad vom \u00dc\u00dfbach getrieben wurde, war die Strotzb\u00fcscher M\u00fchle &#8211; romantisch gelegen im \u00dc\u00dfbachtal. Die Strotzb\u00fcscher nennen das \u00dc\u00dfbachtal auch Siebenbachtal, weil man von der Anh\u00f6he aus siebenmal den Bach sieht, der sich <a class=\"more-link\" href=\"https:\/\/strotzbuesch.de\/index.php\/strotzbuescher-muehle\/\">weiterlesen&#8230;<\/a><\/p>\n","protected":false},"author":3,"featured_media":0,"parent":0,"menu_order":0,"comment_status":"closed","ping_status":"closed","template":"","meta":{"ngg_post_thumbnail":0,"footnotes":""},"class_list":["post-208","page","type-page","status-publish","hentry"],"_links":{"self":[{"href":"https:\/\/strotzbuesch.de\/index.php\/wp-json\/wp\/v2\/pages\/208","targetHints":{"allow":["GET"]}}],"collection":[{"href":"https:\/\/strotzbuesch.de\/index.php\/wp-json\/wp\/v2\/pages"}],"about":[{"href":"https:\/\/strotzbuesch.de\/index.php\/wp-json\/wp\/v2\/types\/page"}],"author":[{"embeddable":true,"href":"https:\/\/strotzbuesch.de\/index.php\/wp-json\/wp\/v2\/users\/3"}],"replies":[{"embeddable":true,"href":"https:\/\/strotzbuesch.de\/index.php\/wp-json\/wp\/v2\/comments?post=208"}],"version-history":[{"count":5,"href":"https:\/\/strotzbuesch.de\/index.php\/wp-json\/wp\/v2\/pages\/208\/revisions"}],"predecessor-version":[{"id":923,"href":"https:\/\/strotzbuesch.de\/index.php\/wp-json\/wp\/v2\/pages\/208\/revisions\/923"}],"wp:attachment":[{"href":"https:\/\/strotzbuesch.de\/index.php\/wp-json\/wp\/v2\/media?parent=208"}],"curies":[{"name":"wp","href":"https:\/\/api.w.org\/{rel}","templated":true}]}}