{"id":209,"date":"2024-09-09T09:47:15","date_gmt":"2024-09-09T09:47:15","guid":{"rendered":"https:\/\/strotzbuesch.de\/?page_id=209"},"modified":"2024-12-18T12:36:23","modified_gmt":"2024-12-18T11:36:23","slug":"uessbachtal-siebenbachtal","status":"publish","type":"page","link":"https:\/\/strotzbuesch.de\/index.php\/uessbachtal-siebenbachtal\/","title":{"rendered":"\u00dc\u00dfbachtal-Siebenbachtal"},"content":{"rendered":"\t\t<div data-elementor-type=\"wp-page\" data-elementor-id=\"209\" class=\"elementor elementor-209\">\n\t\t\t\t<div class=\"elementor-element elementor-element-ebc5076 e-flex e-con-boxed e-con e-parent\" data-id=\"ebc5076\" data-element_type=\"container\" data-e-type=\"container\">\n\t\t\t\t\t<div class=\"e-con-inner\">\n\t\t\t\t<div class=\"elementor-element elementor-element-21a7c9a elementor-widget elementor-widget-image\" data-id=\"21a7c9a\" data-element_type=\"widget\" data-e-type=\"widget\" data-widget_type=\"image.default\">\n\t\t\t\t<div class=\"elementor-widget-container\">\n\t\t\t\t\t\t\t\t\t\t\t\t\t\t\t<img fetchpriority=\"high\" decoding=\"async\" width=\"1536\" height=\"1024\" src=\"https:\/\/strotzbuesch.de\/wp-content\/uploads\/2024\/12\/aussicht-achterhoehe-1536x1024.jpg\" class=\"attachment-1536x1536 size-1536x1536 wp-image-913\" alt=\"\" srcset=\"https:\/\/strotzbuesch.de\/wp-content\/uploads\/2024\/12\/aussicht-achterhoehe-1536x1024.jpg 1536w, https:\/\/strotzbuesch.de\/wp-content\/uploads\/2024\/12\/aussicht-achterhoehe-300x200.jpg 300w, https:\/\/strotzbuesch.de\/wp-content\/uploads\/2024\/12\/aussicht-achterhoehe-1024x682.jpg 1024w, https:\/\/strotzbuesch.de\/wp-content\/uploads\/2024\/12\/aussicht-achterhoehe-768x512.jpg 768w, https:\/\/strotzbuesch.de\/wp-content\/uploads\/2024\/12\/aussicht-achterhoehe-2048x1365.jpg 2048w\" sizes=\"(max-width: 1536px) 100vw, 1536px\" \/>\t\t\t\t\t\t\t\t\t\t\t\t\t\t\t<\/div>\n\t\t\t\t<\/div>\n\t\t\t\t\t<\/div>\n\t\t\t\t<\/div>\n\t\t<div class=\"elementor-element elementor-element-0713c7f e-flex e-con-boxed e-con e-parent\" data-id=\"0713c7f\" data-element_type=\"container\" data-e-type=\"container\">\n\t\t\t\t\t<div class=\"e-con-inner\">\n\t\t\t\t<div class=\"elementor-element elementor-element-a31b88f elementor-widget elementor-widget-text-editor\" data-id=\"a31b88f\" data-element_type=\"widget\" data-e-type=\"widget\" data-widget_type=\"text-editor.default\">\n\t\t\t\t<div class=\"elementor-widget-container\">\n\t\t\t\t\t\t\t\t\t<p>Umgeben von W\u00e4ldern, bettet sich die \u00dcss sanft schl\u00e4ngelnd in ein Tal, das sogenannte Siebenbachtal. Den Namen erhielt das Tal auf Grund der Tatsache, dass man von einem bestimmten Ort auf der gegen\u00fcberliegenden Seite in der Gemarkung Lutzerath (Achterh\u00f6he), die \u00dcss 7 mal erblicken kann.<\/p>\n<p>Das Tal erreicht man von Strotzb\u00fcsch aus \u00fcber einen gut beschilderten <a href=\"https:\/\/out.ac\/IJRZSE\" target=\"_blank\" rel=\"noopener\">Wanderweg.<\/a> Sowohl unsere Thermalquelle als auch unsere M\u00fchle mit Campingplatz liegen auf dem Weg nach unten.<\/p>\t\t\t\t\t\t\t\t<\/div>\n\t\t\t\t<\/div>\n\t\t\t\t\t<\/div>\n\t\t\t\t<\/div>\n\t\t\t\t<\/div>\n\t\t","protected":false},"excerpt":{"rendered":"<p>Umgeben von W\u00e4ldern, bettet sich die \u00dcss sanft schl\u00e4ngelnd in ein Tal, das sogenannte Siebenbachtal. Den Namen erhielt das Tal auf Grund der Tatsache, dass man von einem bestimmten Ort auf der gegen\u00fcberliegenden Seite in der Gemarkung Lutzerath (Achterh\u00f6he), die <a class=\"more-link\" href=\"https:\/\/strotzbuesch.de\/index.php\/uessbachtal-siebenbachtal\/\">weiterlesen&#8230;<\/a><\/p>\n","protected":false},"author":3,"featured_media":0,"parent":0,"menu_order":0,"comment_status":"closed","ping_status":"closed","template":"","meta":{"ngg_post_thumbnail":0,"footnotes":""},"class_list":["post-209","page","type-page","status-publish","hentry"],"_links":{"self":[{"href":"https:\/\/strotzbuesch.de\/index.php\/wp-json\/wp\/v2\/pages\/209","targetHints":{"allow":["GET"]}}],"collection":[{"href":"https:\/\/strotzbuesch.de\/index.php\/wp-json\/wp\/v2\/pages"}],"about":[{"href":"https:\/\/strotzbuesch.de\/index.php\/wp-json\/wp\/v2\/types\/page"}],"author":[{"embeddable":true,"href":"https:\/\/strotzbuesch.de\/index.php\/wp-json\/wp\/v2\/users\/3"}],"replies":[{"embeddable":true,"href":"https:\/\/strotzbuesch.de\/index.php\/wp-json\/wp\/v2\/comments?post=209"}],"version-history":[{"count":5,"href":"https:\/\/strotzbuesch.de\/index.php\/wp-json\/wp\/v2\/pages\/209\/revisions"}],"predecessor-version":[{"id":918,"href":"https:\/\/strotzbuesch.de\/index.php\/wp-json\/wp\/v2\/pages\/209\/revisions\/918"}],"wp:attachment":[{"href":"https:\/\/strotzbuesch.de\/index.php\/wp-json\/wp\/v2\/media?parent=209"}],"curies":[{"name":"wp","href":"https:\/\/api.w.org\/{rel}","templated":true}]}}