{"id":224,"date":"2024-09-09T09:49:45","date_gmt":"2024-09-09T09:49:45","guid":{"rendered":"https:\/\/strotzbuesch.de\/?page_id=224"},"modified":"2024-10-28T21:54:39","modified_gmt":"2024-10-28T19:54:39","slug":"wanderwege","status":"publish","type":"page","link":"https:\/\/strotzbuesch.de\/index.php\/wanderwege\/","title":{"rendered":"Wanderwege"},"content":{"rendered":"\t\t<div data-elementor-type=\"wp-page\" data-elementor-id=\"224\" class=\"elementor elementor-224\">\n\t\t\t\t<div class=\"elementor-element elementor-element-bc87488 e-flex e-con-boxed e-con e-parent\" data-id=\"bc87488\" data-element_type=\"container\" data-e-type=\"container\">\n\t\t\t\t\t<div class=\"e-con-inner\">\n\t\t\t\t<div class=\"elementor-element elementor-element-7fed530 elementor-widget elementor-widget-text-editor\" data-id=\"7fed530\" data-element_type=\"widget\" data-e-type=\"widget\" data-widget_type=\"text-editor.default\">\n\t\t\t\t<div class=\"elementor-widget-container\">\n\t\t\t\t\t\t\t\t\t<p>Nachfolgend finden Sie Wandertouren in unserer Umgebung:<\/p>\t\t\t\t\t\t\t\t<\/div>\n\t\t\t\t<\/div>\n\t\t\t\t\t<\/div>\n\t\t\t\t<\/div>\n\t\t<div class=\"elementor-element elementor-element-442c9e1 e-flex e-con-boxed e-con e-parent\" data-id=\"442c9e1\" data-element_type=\"container\" data-e-type=\"container\">\n\t\t\t\t\t<div class=\"e-con-inner\">\n\t\t<div class=\"elementor-element elementor-element-82ca471 e-con-full e-flex e-con e-child\" data-id=\"82ca471\" data-element_type=\"container\" data-e-type=\"container\">\n\t\t\t\t<div class=\"elementor-element elementor-element-f289dfb elementor-widget elementor-widget-image\" data-id=\"f289dfb\" data-element_type=\"widget\" data-e-type=\"widget\" data-widget_type=\"image.default\">\n\t\t\t\t<div class=\"elementor-widget-container\">\n\t\t\t\t\t\t\t\t\t\t\t\t\t\t\t<img decoding=\"async\" width=\"150\" height=\"150\" src=\"https:\/\/strotzbuesch.de\/wp-content\/uploads\/2024\/10\/rundweg-siebenbachtal-150x150.png\" class=\"attachment-thumbnail size-thumbnail wp-image-724\" alt=\"\" srcset=\"https:\/\/strotzbuesch.de\/wp-content\/uploads\/2024\/10\/rundweg-siebenbachtal-150x150.png 150w, https:\/\/strotzbuesch.de\/wp-content\/uploads\/2024\/10\/rundweg-siebenbachtal-300x300.png 300w, https:\/\/strotzbuesch.de\/wp-content\/uploads\/2024\/10\/rundweg-siebenbachtal.png 660w\" sizes=\"(max-width: 150px) 100vw, 150px\" \/>\t\t\t\t\t\t\t\t\t\t\t\t\t\t\t<\/div>\n\t\t\t\t<\/div>\n\t\t\t\t<\/div>\n\t\t<div class=\"elementor-element elementor-element-34f473e e-con-full e-flex e-con e-child\" data-id=\"34f473e\" data-element_type=\"container\" data-e-type=\"container\">\n\t\t\t\t<div class=\"elementor-element elementor-element-c8ed30c elementor-widget elementor-widget-image\" data-id=\"c8ed30c\" data-element_type=\"widget\" data-e-type=\"widget\" data-widget_type=\"image.default\">\n\t\t\t\t<div class=\"elementor-widget-container\">\n\t\t\t\t\t\t\t\t\t\t\t\t\t\t\t<img fetchpriority=\"high\" decoding=\"async\" width=\"780\" height=\"200\" src=\"https:\/\/strotzbuesch.de\/wp-content\/uploads\/2024\/10\/rundweg-siebenbachtal-gesamt.png\" class=\"attachment-large size-large wp-image-723\" alt=\"\" srcset=\"https:\/\/strotzbuesch.de\/wp-content\/uploads\/2024\/10\/rundweg-siebenbachtal-gesamt.png 899w, https:\/\/strotzbuesch.de\/wp-content\/uploads\/2024\/10\/rundweg-siebenbachtal-gesamt-300x77.png 300w, https:\/\/strotzbuesch.de\/wp-content\/uploads\/2024\/10\/rundweg-siebenbachtal-gesamt-768x197.png 768w\" sizes=\"(max-width: 780px) 100vw, 780px\" \/>\t\t\t\t\t\t\t\t\t\t\t\t\t\t\t<\/div>\n\t\t\t\t<\/div>\n\t\t\t\t<\/div>\n\t\t\t\t\t<\/div>\n\t\t\t\t<\/div>\n\t\t<div class=\"elementor-element elementor-element-0d3453b e-flex e-con-boxed e-con e-parent\" data-id=\"0d3453b\" data-element_type=\"container\" data-e-type=\"container\">\n\t\t\t\t\t<div class=\"e-con-inner\">\n\t\t<div class=\"elementor-element elementor-element-b590188 e-con-full e-flex e-con e-child\" data-id=\"b590188\" data-element_type=\"container\" data-e-type=\"container\">\n\t\t\t\t<div class=\"elementor-element elementor-element-59df866 elementor-widget elementor-widget-image\" data-id=\"59df866\" data-element_type=\"widget\" data-e-type=\"widget\" data-widget_type=\"image.default\">\n\t\t\t\t<div class=\"elementor-widget-container\">\n\t\t\t\t\t\t\t\t\t\t\t\t\t\t\t<img decoding=\"async\" width=\"150\" height=\"150\" src=\"https:\/\/strotzbuesch.de\/wp-content\/uploads\/2024\/10\/rundweg-schlund-alf-150x150.png\" class=\"attachment-thumbnail size-thumbnail wp-image-722\" alt=\"\" srcset=\"https:\/\/strotzbuesch.de\/wp-content\/uploads\/2024\/10\/rundweg-schlund-alf-150x150.png 150w, https:\/\/strotzbuesch.de\/wp-content\/uploads\/2024\/10\/rundweg-schlund-alf-300x300.png 300w, https:\/\/strotzbuesch.de\/wp-content\/uploads\/2024\/10\/rundweg-schlund-alf.png 660w\" sizes=\"(max-width: 150px) 100vw, 150px\" \/>\t\t\t\t\t\t\t\t\t\t\t\t\t\t\t<\/div>\n\t\t\t\t<\/div>\n\t\t\t\t<\/div>\n\t\t<div class=\"elementor-element elementor-element-d972c56 e-con-full e-flex e-con e-child\" data-id=\"d972c56\" data-element_type=\"container\" data-e-type=\"container\">\n\t\t\t\t<div class=\"elementor-element elementor-element-c587ff4 elementor-widget elementor-widget-image\" data-id=\"c587ff4\" data-element_type=\"widget\" data-e-type=\"widget\" data-widget_type=\"image.default\">\n\t\t\t\t<div class=\"elementor-widget-container\">\n\t\t\t\t\t\t\t\t\t\t\t\t\t\t\t<img loading=\"lazy\" decoding=\"async\" width=\"780\" height=\"200\" src=\"https:\/\/strotzbuesch.de\/wp-content\/uploads\/2024\/10\/rundweg-schlund-gesamt.png\" class=\"attachment-large size-large wp-image-721\" alt=\"\" srcset=\"https:\/\/strotzbuesch.de\/wp-content\/uploads\/2024\/10\/rundweg-schlund-gesamt.png 899w, https:\/\/strotzbuesch.de\/wp-content\/uploads\/2024\/10\/rundweg-schlund-gesamt-300x77.png 300w, https:\/\/strotzbuesch.de\/wp-content\/uploads\/2024\/10\/rundweg-schlund-gesamt-768x197.png 768w\" sizes=\"(max-width: 780px) 100vw, 780px\" \/>\t\t\t\t\t\t\t\t\t\t\t\t\t\t\t<\/div>\n\t\t\t\t<\/div>\n\t\t\t\t<\/div>\n\t\t\t\t\t<\/div>\n\t\t\t\t<\/div>\n\t\t<div class=\"elementor-element elementor-element-88ac936 e-flex e-con-boxed e-con e-parent\" data-id=\"88ac936\" data-element_type=\"container\" data-e-type=\"container\">\n\t\t\t\t\t<div class=\"e-con-inner\">\n\t\t<div class=\"elementor-element elementor-element-3deace6 e-con-full e-flex e-con e-child\" data-id=\"3deace6\" data-element_type=\"container\" data-e-type=\"container\">\n\t\t\t\t<div class=\"elementor-element elementor-element-7eeb714 elementor-widget elementor-widget-image\" data-id=\"7eeb714\" data-element_type=\"widget\" data-e-type=\"widget\" data-widget_type=\"image.default\">\n\t\t\t\t<div class=\"elementor-widget-container\">\n\t\t\t\t\t\t\t\t\t\t\t\t\t\t\t<img loading=\"lazy\" decoding=\"async\" width=\"150\" height=\"150\" src=\"https:\/\/strotzbuesch.de\/wp-content\/uploads\/2024\/10\/rundweg-immerather-maar-150x150.png\" class=\"attachment-thumbnail size-thumbnail wp-image-720\" alt=\"\" srcset=\"https:\/\/strotzbuesch.de\/wp-content\/uploads\/2024\/10\/rundweg-immerather-maar-150x150.png 150w, https:\/\/strotzbuesch.de\/wp-content\/uploads\/2024\/10\/rundweg-immerather-maar-300x300.png 300w, https:\/\/strotzbuesch.de\/wp-content\/uploads\/2024\/10\/rundweg-immerather-maar.png 660w\" sizes=\"(max-width: 150px) 100vw, 150px\" \/>\t\t\t\t\t\t\t\t\t\t\t\t\t\t\t<\/div>\n\t\t\t\t<\/div>\n\t\t\t\t<\/div>\n\t\t<div class=\"elementor-element elementor-element-03d040a e-con-full e-flex e-con e-child\" data-id=\"03d040a\" data-element_type=\"container\" data-e-type=\"container\">\n\t\t\t\t<div class=\"elementor-element elementor-element-e5122c5 elementor-widget elementor-widget-image\" data-id=\"e5122c5\" data-element_type=\"widget\" data-e-type=\"widget\" data-widget_type=\"image.default\">\n\t\t\t\t<div class=\"elementor-widget-container\">\n\t\t\t\t\t\t\t\t\t\t\t\t\t\t\t<img loading=\"lazy\" decoding=\"async\" width=\"780\" height=\"201\" src=\"https:\/\/strotzbuesch.de\/wp-content\/uploads\/2024\/10\/rundweg-immerather-maar-gesamt.png\" class=\"attachment-large size-large wp-image-719\" alt=\"\" srcset=\"https:\/\/strotzbuesch.de\/wp-content\/uploads\/2024\/10\/rundweg-immerather-maar-gesamt.png 898w, https:\/\/strotzbuesch.de\/wp-content\/uploads\/2024\/10\/rundweg-immerather-maar-gesamt-300x77.png 300w, https:\/\/strotzbuesch.de\/wp-content\/uploads\/2024\/10\/rundweg-immerather-maar-gesamt-768x198.png 768w\" sizes=\"(max-width: 780px) 100vw, 780px\" \/>\t\t\t\t\t\t\t\t\t\t\t\t\t\t\t<\/div>\n\t\t\t\t<\/div>\n\t\t\t\t<\/div>\n\t\t\t\t\t<\/div>\n\t\t\t\t<\/div>\n\t\t<div class=\"elementor-element elementor-element-f6ae7f0 e-flex e-con-boxed e-con e-parent\" data-id=\"f6ae7f0\" data-element_type=\"container\" data-e-type=\"container\">\n\t\t\t\t\t<div class=\"e-con-inner\">\n\t\t<div class=\"elementor-element elementor-element-3b7a8aa e-con-full e-flex e-con e-child\" data-id=\"3b7a8aa\" data-element_type=\"container\" data-e-type=\"container\">\n\t\t\t\t<div class=\"elementor-element elementor-element-c294262 elementor-widget elementor-widget-image\" data-id=\"c294262\" data-element_type=\"widget\" data-e-type=\"widget\" data-widget_type=\"image.default\">\n\t\t\t\t<div class=\"elementor-widget-container\">\n\t\t\t\t\t\t\t\t\t\t\t\t\t\t\t<img loading=\"lazy\" decoding=\"async\" width=\"150\" height=\"150\" src=\"https:\/\/strotzbuesch.de\/wp-content\/uploads\/2024\/10\/rundweg-strohn-150x150.png\" class=\"attachment-thumbnail size-thumbnail wp-image-718\" alt=\"\" srcset=\"https:\/\/strotzbuesch.de\/wp-content\/uploads\/2024\/10\/rundweg-strohn-150x150.png 150w, https:\/\/strotzbuesch.de\/wp-content\/uploads\/2024\/10\/rundweg-strohn-300x300.png 300w, https:\/\/strotzbuesch.de\/wp-content\/uploads\/2024\/10\/rundweg-strohn.png 660w\" sizes=\"(max-width: 150px) 100vw, 150px\" \/>\t\t\t\t\t\t\t\t\t\t\t\t\t\t\t<\/div>\n\t\t\t\t<\/div>\n\t\t\t\t<\/div>\n\t\t<div class=\"elementor-element elementor-element-bcf4c7e e-con-full e-flex e-con e-child\" data-id=\"bcf4c7e\" data-element_type=\"container\" data-e-type=\"container\">\n\t\t\t\t<div class=\"elementor-element elementor-element-ed019e5 elementor-widget elementor-widget-image\" data-id=\"ed019e5\" data-element_type=\"widget\" data-e-type=\"widget\" data-widget_type=\"image.default\">\n\t\t\t\t<div class=\"elementor-widget-container\">\n\t\t\t\t\t\t\t\t\t\t\t\t\t\t\t<img loading=\"lazy\" decoding=\"async\" width=\"780\" height=\"200\" src=\"https:\/\/strotzbuesch.de\/wp-content\/uploads\/2024\/10\/rundweg-strohn-gesamt.png\" class=\"attachment-large size-large wp-image-717\" alt=\"\" srcset=\"https:\/\/strotzbuesch.de\/wp-content\/uploads\/2024\/10\/rundweg-strohn-gesamt.png 899w, https:\/\/strotzbuesch.de\/wp-content\/uploads\/2024\/10\/rundweg-strohn-gesamt-300x77.png 300w, https:\/\/strotzbuesch.de\/wp-content\/uploads\/2024\/10\/rundweg-strohn-gesamt-768x196.png 768w\" sizes=\"(max-width: 780px) 100vw, 780px\" \/>\t\t\t\t\t\t\t\t\t\t\t\t\t\t\t<\/div>\n\t\t\t\t<\/div>\n\t\t\t\t<\/div>\n\t\t\t\t\t<\/div>\n\t\t\t\t<\/div>\n\t\t<div class=\"elementor-element elementor-element-facb572 e-flex e-con-boxed e-con e-parent\" data-id=\"facb572\" data-element_type=\"container\" data-e-type=\"container\">\n\t\t\t\t\t<div class=\"e-con-inner\">\n\t\t<div class=\"elementor-element elementor-element-43629b0 e-con-full e-flex e-con e-child\" data-id=\"43629b0\" data-element_type=\"container\" data-e-type=\"container\">\n\t\t\t\t<div class=\"elementor-element elementor-element-b866dd0 elementor-widget elementor-widget-image\" data-id=\"b866dd0\" data-element_type=\"widget\" data-e-type=\"widget\" data-widget_type=\"image.default\">\n\t\t\t\t<div class=\"elementor-widget-container\">\n\t\t\t\t\t\t\t\t\t\t\t\t\t\t\t<img loading=\"lazy\" decoding=\"async\" width=\"150\" height=\"150\" src=\"https:\/\/strotzbuesch.de\/wp-content\/uploads\/2024\/10\/3-m-hlenrundweg-150x150.png\" class=\"attachment-thumbnail size-thumbnail wp-image-716\" alt=\"\" srcset=\"https:\/\/strotzbuesch.de\/wp-content\/uploads\/2024\/10\/3-m-hlenrundweg-150x150.png 150w, https:\/\/strotzbuesch.de\/wp-content\/uploads\/2024\/10\/3-m-hlenrundweg-300x300.png 300w, https:\/\/strotzbuesch.de\/wp-content\/uploads\/2024\/10\/3-m-hlenrundweg.png 660w\" sizes=\"(max-width: 150px) 100vw, 150px\" \/>\t\t\t\t\t\t\t\t\t\t\t\t\t\t\t<\/div>\n\t\t\t\t<\/div>\n\t\t\t\t<\/div>\n\t\t<div class=\"elementor-element elementor-element-f6d14e9 e-con-full e-flex e-con e-child\" data-id=\"f6d14e9\" data-element_type=\"container\" data-e-type=\"container\">\n\t\t\t\t<div class=\"elementor-element elementor-element-c970790 elementor-widget elementor-widget-image\" data-id=\"c970790\" data-element_type=\"widget\" data-e-type=\"widget\" data-widget_type=\"image.default\">\n\t\t\t\t<div class=\"elementor-widget-container\">\n\t\t\t\t\t\t\t\t\t\t\t\t\t\t\t<img loading=\"lazy\" decoding=\"async\" width=\"780\" height=\"201\" src=\"https:\/\/strotzbuesch.de\/wp-content\/uploads\/2024\/10\/3-m-hlenrundweg-gesamt.png\" class=\"attachment-large size-large wp-image-715\" alt=\"\" srcset=\"https:\/\/strotzbuesch.de\/wp-content\/uploads\/2024\/10\/3-m-hlenrundweg-gesamt.png 899w, https:\/\/strotzbuesch.de\/wp-content\/uploads\/2024\/10\/3-m-hlenrundweg-gesamt-300x77.png 300w, https:\/\/strotzbuesch.de\/wp-content\/uploads\/2024\/10\/3-m-hlenrundweg-gesamt-768x198.png 768w\" sizes=\"(max-width: 780px) 100vw, 780px\" \/>\t\t\t\t\t\t\t\t\t\t\t\t\t\t\t<\/div>\n\t\t\t\t<\/div>\n\t\t\t\t<\/div>\n\t\t\t\t\t<\/div>\n\t\t\t\t<\/div>\n\t\t<div class=\"elementor-element elementor-element-673738b e-flex e-con-boxed e-con e-parent\" data-id=\"673738b\" data-element_type=\"container\" data-e-type=\"container\">\n\t\t\t\t\t<div class=\"e-con-inner\">\n\t\t<div class=\"elementor-element elementor-element-4ec6e21 e-con-full e-flex e-con e-child\" data-id=\"4ec6e21\" data-element_type=\"container\" data-e-type=\"container\">\n\t\t\t\t<div class=\"elementor-element elementor-element-051bc7b elementor-widget elementor-widget-image\" data-id=\"051bc7b\" data-element_type=\"widget\" data-e-type=\"widget\" data-widget_type=\"image.default\">\n\t\t\t\t<div class=\"elementor-widget-container\">\n\t\t\t\t\t\t\t\t\t\t\t\t\t\t\t<img loading=\"lazy\" decoding=\"async\" width=\"150\" height=\"150\" src=\"https:\/\/strotzbuesch.de\/wp-content\/uploads\/2024\/10\/heimatspur-m-hlenweg-strotzb-sch-150x150.png\" class=\"attachment-thumbnail size-thumbnail wp-image-714\" alt=\"\" srcset=\"https:\/\/strotzbuesch.de\/wp-content\/uploads\/2024\/10\/heimatspur-m-hlenweg-strotzb-sch-150x150.png 150w, https:\/\/strotzbuesch.de\/wp-content\/uploads\/2024\/10\/heimatspur-m-hlenweg-strotzb-sch-300x300.png 300w, https:\/\/strotzbuesch.de\/wp-content\/uploads\/2024\/10\/heimatspur-m-hlenweg-strotzb-sch.png 660w\" sizes=\"(max-width: 150px) 100vw, 150px\" \/>\t\t\t\t\t\t\t\t\t\t\t\t\t\t\t<\/div>\n\t\t\t\t<\/div>\n\t\t\t\t<\/div>\n\t\t<div class=\"elementor-element elementor-element-a74e43b e-con-full e-flex e-con e-child\" data-id=\"a74e43b\" data-element_type=\"container\" data-e-type=\"container\">\n\t\t\t\t<div class=\"elementor-element elementor-element-986efcf elementor-widget elementor-widget-image\" data-id=\"986efcf\" data-element_type=\"widget\" data-e-type=\"widget\" data-widget_type=\"image.default\">\n\t\t\t\t<div class=\"elementor-widget-container\">\n\t\t\t\t\t\t\t\t\t\t\t\t\t\t\t<img loading=\"lazy\" decoding=\"async\" width=\"780\" height=\"201\" src=\"https:\/\/strotzbuesch.de\/wp-content\/uploads\/2024\/10\/heimatspur-m-hlenweg-strotzb-sch-gesamt.png\" class=\"attachment-large size-large wp-image-713\" alt=\"\" srcset=\"https:\/\/strotzbuesch.de\/wp-content\/uploads\/2024\/10\/heimatspur-m-hlenweg-strotzb-sch-gesamt.png 900w, https:\/\/strotzbuesch.de\/wp-content\/uploads\/2024\/10\/heimatspur-m-hlenweg-strotzb-sch-gesamt-300x77.png 300w, https:\/\/strotzbuesch.de\/wp-content\/uploads\/2024\/10\/heimatspur-m-hlenweg-strotzb-sch-gesamt-768x198.png 768w\" sizes=\"(max-width: 780px) 100vw, 780px\" \/>\t\t\t\t\t\t\t\t\t\t\t\t\t\t\t<\/div>\n\t\t\t\t<\/div>\n\t\t\t\t<\/div>\n\t\t\t\t\t<\/div>\n\t\t\t\t<\/div>\n\t\t<div class=\"elementor-element elementor-element-c90aa3c e-flex e-con-boxed e-con e-parent\" data-id=\"c90aa3c\" data-element_type=\"container\" data-e-type=\"container\">\n\t\t\t\t\t<div class=\"e-con-inner\">\n\t\t\t\t<div class=\"elementor-element elementor-element-5a48fed elementor-widget elementor-widget-text-editor\" data-id=\"5a48fed\" data-element_type=\"widget\" data-e-type=\"widget\" data-widget_type=\"text-editor.default\">\n\t\t\t\t<div class=\"elementor-widget-container\">\n\t\t\t\t\t\t\t\t\t<p><u>Quelle<\/u>: Outdooractive &amp; Gesundland Vulkaneifel<\/p>\t\t\t\t\t\t\t\t<\/div>\n\t\t\t\t<\/div>\n\t\t\t\t\t<\/div>\n\t\t\t\t<\/div>\n\t\t<div class=\"elementor-element elementor-element-cf199fd e-flex e-con-boxed e-con e-parent\" data-id=\"cf199fd\" data-element_type=\"container\" data-e-type=\"container\">\n\t\t\t\t\t<div class=\"e-con-inner\">\n\t\t\t\t<div class=\"elementor-element elementor-element-9860ce9 elementor-widget elementor-widget-text-editor\" data-id=\"9860ce9\" data-element_type=\"widget\" data-e-type=\"widget\" data-widget_type=\"text-editor.default\">\n\t\t\t\t<div class=\"elementor-widget-container\">\n\t\t\t\t\t\t\t\t\t<strong>Maare-Pfad<\/strong><br>\n\nDer &#8222;Maare Pfad&#8220; ist ein Partnerweg des <a href=\"http:\/\/www.eifelsteig.de\" target=\"_blank\" rel=\"noopener\">Eifelsteigs<\/a>. Der Weg startet in Schalkenmehren und endet am Wanderparkplatz in Lutzerath. Aufgrund der L\u00e4nge des Wanderweges empfiehlt es sich, diesen in zwei Etappen zu wandern. Z. B. von Schalkenmehren bis Gillenfeld (15,1 km | 5,5 Std.) und von Gillenfeld bis Strotzb\u00fcsch (15,9 km | 7 Std.). <br><br>\n\n<strong>Schwierigkeitsgrad:<\/strong> schwer<br><br>\n\nWeitere Infos finden Sie <a href=\"http:\/\/www.eifelsteig.de\/a-maare-pfad\" target=\"_blank\" rel=\"noopener\">hier<\/a>.\n<br><br>\n<strong>Rund um&#8217;s Pulvermaar<\/strong><br><br>\nDie Wanderwege &#8222;Rund um&#8217;s Pulvermaar&#8220; f\u00fchren Sie durch die Ferienregion Pulvermaar mit ihren umliegenden \u00d6rtchen und Sehensw\u00fcrdigkeiten.\n\nDie Wege in alphabetischer Reihenfolge:\n<ul>\n \t<li>Antoniusweg<\/li>\n \t<li>Apolloniaweg<\/li>\n \t<li>Keltenrundweg<\/li>\n \t<li>Lavaweg<\/li>\n \t<li>M\u00fchlenweg (f\u00fchrt durch Strotzb\u00fcsch | n\u00e4here Infos hierzu finden Sie weiter unten)<\/li>\n \t<li>Wendelinusweg<\/li>\n<\/ul>\n<strong>Schwierigkeitsgrad:<\/strong> leicht | mittel | schwer<br><br>\n\nWeitere Infos finden Sie <a href=\"https:\/\/www.outdooractive.com\/de\/suche\/?cat=tour&amp;q=rund+ums+pulvermaar\" target=\"_blank\" rel=\"noopener\">hier<\/a>.<br><br>\n<strong>Weitere tolle Wandertouren rund um unseren Ort finden Sie hier:<\/strong><br><br>\n<a title=\"Wandertouren um Strotzb\u00fcsch\" href=\"https:\/\/www.outdooractive.com\/de\/routes\/#area=1026090&amp;cat=Wanderung&amp;filter=r-fullyTranslatedLangus-de,r-onlyOpened-,sb-sortedBy-0&amp;view=map&amp;wt=Strotzb%C3%BCsch%20(Vulkaneifel,%20Rheinland-Pfalz,%20Deutschland)%0A1026090&amp;zc=13,6.96911,50.10131\" target=\"_blank\" rel=\"noopener\">Wandertouren rund um Strotzb\u00fcsch<\/a>\t\t\t\t\t\t\t\t<\/div>\n\t\t\t\t<\/div>\n\t\t\t\t\t<\/div>\n\t\t\t\t<\/div>\n\t\t\t\t<\/div>\n\t\t","protected":false},"excerpt":{"rendered":"<p>Nachfolgend finden Sie Wandertouren in unserer Umgebung: Quelle: Outdooractive &amp; Gesundland Vulkaneifel Maare-Pfad Der &#8222;Maare Pfad&#8220; ist ein Partnerweg des Eifelsteigs. Der Weg startet in Schalkenmehren und endet am Wanderparkplatz in Lutzerath. Aufgrund der L\u00e4nge des Wanderweges empfiehlt es sich, <a class=\"more-link\" href=\"https:\/\/strotzbuesch.de\/index.php\/wanderwege\/\">weiterlesen&#8230;<\/a><\/p>\n","protected":false},"author":3,"featured_media":0,"parent":0,"menu_order":0,"comment_status":"closed","ping_status":"closed","template":"","meta":{"ngg_post_thumbnail":0,"footnotes":""},"class_list":["post-224","page","type-page","status-publish","hentry"],"_links":{"self":[{"href":"https:\/\/strotzbuesch.de\/index.php\/wp-json\/wp\/v2\/pages\/224","targetHints":{"allow":["GET"]}}],"collection":[{"href":"https:\/\/strotzbuesch.de\/index.php\/wp-json\/wp\/v2\/pages"}],"about":[{"href":"https:\/\/strotzbuesch.de\/index.php\/wp-json\/wp\/v2\/types\/page"}],"author":[{"embeddable":true,"href":"https:\/\/strotzbuesch.de\/index.php\/wp-json\/wp\/v2\/users\/3"}],"replies":[{"embeddable":true,"href":"https:\/\/strotzbuesch.de\/index.php\/wp-json\/wp\/v2\/comments?post=224"}],"version-history":[{"count":31,"href":"https:\/\/strotzbuesch.de\/index.php\/wp-json\/wp\/v2\/pages\/224\/revisions"}],"predecessor-version":[{"id":757,"href":"https:\/\/strotzbuesch.de\/index.php\/wp-json\/wp\/v2\/pages\/224\/revisions\/757"}],"wp:attachment":[{"href":"https:\/\/strotzbuesch.de\/index.php\/wp-json\/wp\/v2\/media?parent=224"}],"curies":[{"name":"wp","href":"https:\/\/api.w.org\/{rel}","templated":true}]}}