{"id":227,"date":"2024-09-09T09:49:45","date_gmt":"2024-09-09T09:49:45","guid":{"rendered":"https:\/\/strotzbuesch.de\/?page_id=227"},"modified":"2024-12-04T12:50:25","modified_gmt":"2024-12-04T11:50:25","slug":"sportverein","status":"publish","type":"page","link":"https:\/\/strotzbuesch.de\/index.php\/sportverein\/","title":{"rendered":"Sportverein"},"content":{"rendered":"\n<h5 class=\"wp-block-heading\">Geschichtliche H\u00f6hepunkte des Sportvereins<\/h5>\n\n\n\n<figure class=\"wp-block-image\"><img fetchpriority=\"high\" decoding=\"async\" width=\"1987\" height=\"471\" src=\"https:\/\/strotzbuesch.de\/wp-content\/uploads\/2024\/11\/svs-titelbild.jpg\" alt=\"\" class=\"wp-image-825\" srcset=\"https:\/\/strotzbuesch.de\/wp-content\/uploads\/2024\/11\/svs-titelbild.jpg 1987w, https:\/\/strotzbuesch.de\/wp-content\/uploads\/2024\/11\/svs-titelbild-300x71.jpg 300w, https:\/\/strotzbuesch.de\/wp-content\/uploads\/2024\/11\/svs-titelbild-1024x243.jpg 1024w, https:\/\/strotzbuesch.de\/wp-content\/uploads\/2024\/11\/svs-titelbild-768x182.jpg 768w, https:\/\/strotzbuesch.de\/wp-content\/uploads\/2024\/11\/svs-titelbild-1536x364.jpg 1536w\" sizes=\"(max-width: 1987px) 100vw, 1987px\" \/><\/figure>\n\n\n\n<p>Am 25. M\u00e4rz 1957 fand im Gasthaus &#8222;Scheid&#8220; die 1. Generalversammlungdes SV Strotzb\u00fcsch statt. Dabei wurde beschlossen, alle Personen, die sich schriftlich um eine Mitgliedschaft beworben hatten, in den Sportverein aufzunehmen. Daraus ergab sich ein Mitgliederstand von 90 Personen.<br><br>Das 1. Freundschaftsspiel fand am 22. April 1957 gegen Udler statt und wurde mit 6:4 gewonnen.<br>Am 4. August 1957 fand das 1. Sportfest des SV Strotzb\u00fcsch statt. Die Mannschaft des SV Strotzb\u00fcsch marschierte von der Dorfmitte unter Begleitung der Feuerwehrkapelle zum Sportplatz, wo Herr Pastor Barth die Einweihung des Rasens vollzog.<br>Die Mannschaft des SV Strotzb\u00fcsch spielte zusammen mit 10 anderen Manschaften in der C-Klasse Daun S\u00fcd. Am 1. September 1957 war das 1. Meisterschaftsspiel gegen die 2.Mannschaft von Stadtfeld; es wurde mit 7:3 gewonnen.<br>Der Kreissporttag in Daun am 22. September 1957 verlief f\u00fcr den SV Strotzb\u00fcsch ebenfalls erfolgreich. Die Jugendlichen unseres Sportvereins konnten zwei von den insgesamt f\u00fcnf zu erreichenden Kreiswanderpreisen gewinnen, was f\u00fcr die Teilnehmer unseres Vereins eine grosse Freude war. Nach R\u00fcckkehr der erfolgreichen Teilnehmer wurde dies nat\u00fcrlich gefeiert, woran die Einwohner Strotzb\u00fcsch auch teilnahmen.<br>Nach einigen Jahren wechselte man dann die Spielklasse, bis unsere 1.Mannschaft durch hervorragende sportliche Leistung in der Spielsaison 1981\/82 erneut den Aufstieg in die C-Klasse schaffte. Die damalige 2.Mannschaft des SVS war ebenfalls ein starkes Team und erreichte nach der Spielsaison 1981\/82 den 3. Tabellenplatz.<br>1978 war ein sehr erfolgreiches Jahr der damaligen A-Jugend. Unsere A-Jugend wurde bei den Meisterschaftsspielen Kreismeister und erreichte beim Landratspokal den 2.Platz.<br>Die Schiedsrichter des SVS waren damals Franz Schneider sowie Armin Koch, der gleichzeitig der Trainer der 1.Mannschaft in der Spielsaison 1981\/82 war.<br>In den folgenden Jahren, bedingt durch den Wechsel einiger Spieler zu anderen Vereinen, war ein Abstieg nicht zu vermeiden. Nach mehreren Versuchen gelang es der 1.Mannschaft , nicht zuletzt durch hartes Training und gute Kameradschaft unter ihrem damaligen Trainer Alfred Irmen, der Wiederaufstieg in die C-Klasse in der Saison 1994\/95.<br>Im Jahre 1998 wurde schliesslich zusammen mit den Vereinen aus Hontheim und Bengel eine Spielgemeinschaft gegr\u00fcndet. Auch hier bestreiten die Akteure der Spielgemienschaft ihre Meisterschaftsspiele in der C-Klasse im Kreis Mosel.<\/p>\n\n\n\n<h5 class=\"wp-block-heading\">Ansprechpartner:<\/h5>\n\n\n\n<p>Oliver Grethen<br>Siebenbachstra\u00dfe 2<br>54552 Strotzb\u00fcsch<br>Tel.: (0 65 73) 625<\/p>\n\n\n\n<p><\/p>\n\n\n\n<p><\/p>\n","protected":false},"excerpt":{"rendered":"<p>Geschichtliche H\u00f6hepunkte des Sportvereins Am 25. M\u00e4rz 1957 fand im Gasthaus &#8222;Scheid&#8220; die 1. Generalversammlungdes SV Strotzb\u00fcsch statt. Dabei wurde beschlossen, alle Personen, die sich schriftlich um eine Mitgliedschaft beworben hatten, in den Sportverein aufzunehmen. Daraus ergab sich ein Mitgliederstand <a class=\"more-link\" href=\"https:\/\/strotzbuesch.de\/index.php\/sportverein\/\">weiterlesen&#8230;<\/a><\/p>\n","protected":false},"author":3,"featured_media":0,"parent":0,"menu_order":0,"comment_status":"closed","ping_status":"closed","template":"","meta":{"ngg_post_thumbnail":0,"footnotes":""},"class_list":["post-227","page","type-page","status-publish","hentry"],"_links":{"self":[{"href":"https:\/\/strotzbuesch.de\/index.php\/wp-json\/wp\/v2\/pages\/227","targetHints":{"allow":["GET"]}}],"collection":[{"href":"https:\/\/strotzbuesch.de\/index.php\/wp-json\/wp\/v2\/pages"}],"about":[{"href":"https:\/\/strotzbuesch.de\/index.php\/wp-json\/wp\/v2\/types\/page"}],"author":[{"embeddable":true,"href":"https:\/\/strotzbuesch.de\/index.php\/wp-json\/wp\/v2\/users\/3"}],"replies":[{"embeddable":true,"href":"https:\/\/strotzbuesch.de\/index.php\/wp-json\/wp\/v2\/comments?post=227"}],"version-history":[{"count":6,"href":"https:\/\/strotzbuesch.de\/index.php\/wp-json\/wp\/v2\/pages\/227\/revisions"}],"predecessor-version":[{"id":901,"href":"https:\/\/strotzbuesch.de\/index.php\/wp-json\/wp\/v2\/pages\/227\/revisions\/901"}],"wp:attachment":[{"href":"https:\/\/strotzbuesch.de\/index.php\/wp-json\/wp\/v2\/media?parent=227"}],"curies":[{"name":"wp","href":"https:\/\/api.w.org\/{rel}","templated":true}]}}