{"id":229,"date":"2024-09-09T09:49:45","date_gmt":"2024-09-09T09:49:45","guid":{"rendered":"https:\/\/strotzbuesch.de\/?page_id=229"},"modified":"2024-11-17T20:31:29","modified_gmt":"2024-11-17T19:31:29","slug":"moehnenverein","status":"publish","type":"page","link":"https:\/\/strotzbuesch.de\/index.php\/moehnenverein\/","title":{"rendered":"M\u00f6hnenverein"},"content":{"rendered":"\n<figure class=\"wp-block-image size-large\"><img fetchpriority=\"high\" decoding=\"async\" width=\"1024\" height=\"301\" src=\"https:\/\/strotzbuesch.de\/wp-content\/uploads\/2024\/11\/07-vereine-moehnen-1024x301.jpg\" alt=\"\" class=\"wp-image-837\" srcset=\"https:\/\/strotzbuesch.de\/wp-content\/uploads\/2024\/11\/07-vereine-moehnen-1024x301.jpg 1024w, https:\/\/strotzbuesch.de\/wp-content\/uploads\/2024\/11\/07-vereine-moehnen-300x88.jpg 300w, https:\/\/strotzbuesch.de\/wp-content\/uploads\/2024\/11\/07-vereine-moehnen-768x225.jpg 768w, https:\/\/strotzbuesch.de\/wp-content\/uploads\/2024\/11\/07-vereine-moehnen.jpg 1199w\" sizes=\"(max-width: 1024px) 100vw, 1024px\" \/><\/figure>\n\n\n\n<p>Gegr\u00fcndet wurde der M\u00f6hnenverein im Jahre 1957. Zurzeit sind 59 Personen Mitglied im M\u00f6hnenverein. Neben der Fastnachtser\u00f6ffnung am 11.11. jeden Jahres,&nbsp;sind die M\u00f6hnen&nbsp;auch im &nbsp;Karneval in der Ortsgemeinde Strotzb\u00fcsch aktiv t\u00e4tig. Ausserdem organisieren sie jedes Jahr ein Vatertagsfest an &#8222;Christi Himmelfahrt&#8220;.<\/p>\n\n\n\n<p>Der Vorstand wird jeweils f\u00fcr die Dauer von zwei Jahren gew\u00e4hlt.<\/p>\n\n\n\n<h4 class=\"wp-block-heading\"><strong>Gr\u00fcndungsgedicht:<\/strong><\/h4>\n\n\n\n<p>Es war einmal vor langer Zeit,<br>da machten sich drei Frauen bereit,<br>zu gr\u00fcnden einen neuen Verein,<br>im Dorfe Strotzb\u00fcsch &#8211; den M\u00f6hnenverein.<br>Diese drei Frauen nennen wir nun mit Namen,<br>Margarethe Jores, Katharina Grethen und Katharina Hecking kamen<br>durch Frau Wirkners Idee auf diesen Dreh.<br>Jeder sollte sich anziehen nach Belieben,<br>Wanderr\u00f6cke gr\u00fcn und rot, hauptsache bunt, so waren sie verblieben.<br>Die Frauen n\u00e4hten so manche Nacht,<br>ausserdem wurde ein Zigeunerwagen fertiggemacht.<br>Nachmittags gab`s Kaffee und Kuchen satt,<br>danach fand der Umzug statt.<br>Mathilde R\u00f6der in der Hand die Schell,<br>verk\u00fcndete die Einladung f\u00fcr die M\u00e4nner schnell.<br>Das M\u00f6hnenbanner war von Pappe,<br>die Musik aber kam nicht von der Platte,<br>sondern vom den Heckings Peter seinem Akkordeonapparate.<br>Abends wurde Radau mit viel Humor gemacht,<br>bei Vortr\u00e4gen und W\u00fcrstchen herzhaft gelacht.<br>Die Omas, die Donnerstags bei den Kindern blieben,<br>sollten auch noch was zu lachen kriegen.<br>Sie wurden Dienstags zu Kaffee und Kuchen geladen,<br>damit sie auch noch Spass an der Fastnacht haben.<br>Die Fastnacht war nun, oh wie sch\u00f6n,<br>als h\u00f6chstes Fest der Frauen anzuseh`n.<br>Dies ist bis heute so geblieben,<br>wir haben es sogar noch weiter getrieben.<br>Der Maskenball wurde eingef\u00fchrt,<br>doch leider er sich heute nicht mehr r\u00fchrt.<br>Das Dorffest am Vatertag auch entstand,<br>es allerdings bis heute noch nicht entschwand.<br>Um die Strapazen der Feste verarbeiten zu k\u00f6nnen,<br>wollte man sich auch mal was Gutes g\u00f6nnen.<br>Es wurden Wandertage und Ausfl\u00fcge mit anschliessendem Tanz organisiert,<br>und das haben wir bis heute durchgef\u00fchrt.<\/p>\n\n\n\n<h5 class=\"wp-block-heading\">Ansprechpartnerinnen:<\/h5>\n\n\n\n<p><strong>Svenja Willwertz<\/strong><\/p>\n\n\n\n<p>Hontheimer Str. 3a<br>54552 Strotzb\u00fcsch<br>Tel.: (06573) 8763070<\/p>\n\n\n\n<p><strong>Nicole Daniel<\/strong><\/p>\n\n\n\n<p>Im Hofgarten<br>54552 Strotzb\u00fcsch<br>Tel.: (06573) 9357<\/p>\n","protected":false},"excerpt":{"rendered":"<p>Gegr\u00fcndet wurde der M\u00f6hnenverein im Jahre 1957. Zurzeit sind 59 Personen Mitglied im M\u00f6hnenverein. Neben der Fastnachtser\u00f6ffnung am 11.11. jeden Jahres,&nbsp;sind die M\u00f6hnen&nbsp;auch im &nbsp;Karneval in der Ortsgemeinde Strotzb\u00fcsch aktiv t\u00e4tig. Ausserdem organisieren sie jedes Jahr ein Vatertagsfest an &#8222;Christi <a class=\"more-link\" href=\"https:\/\/strotzbuesch.de\/index.php\/moehnenverein\/\">weiterlesen&#8230;<\/a><\/p>\n","protected":false},"author":3,"featured_media":0,"parent":0,"menu_order":0,"comment_status":"closed","ping_status":"closed","template":"","meta":{"ngg_post_thumbnail":0,"footnotes":""},"class_list":["post-229","page","type-page","status-publish","hentry"],"_links":{"self":[{"href":"https:\/\/strotzbuesch.de\/index.php\/wp-json\/wp\/v2\/pages\/229","targetHints":{"allow":["GET"]}}],"collection":[{"href":"https:\/\/strotzbuesch.de\/index.php\/wp-json\/wp\/v2\/pages"}],"about":[{"href":"https:\/\/strotzbuesch.de\/index.php\/wp-json\/wp\/v2\/types\/page"}],"author":[{"embeddable":true,"href":"https:\/\/strotzbuesch.de\/index.php\/wp-json\/wp\/v2\/users\/3"}],"replies":[{"embeddable":true,"href":"https:\/\/strotzbuesch.de\/index.php\/wp-json\/wp\/v2\/comments?post=229"}],"version-history":[{"count":2,"href":"https:\/\/strotzbuesch.de\/index.php\/wp-json\/wp\/v2\/pages\/229\/revisions"}],"predecessor-version":[{"id":838,"href":"https:\/\/strotzbuesch.de\/index.php\/wp-json\/wp\/v2\/pages\/229\/revisions\/838"}],"wp:attachment":[{"href":"https:\/\/strotzbuesch.de\/index.php\/wp-json\/wp\/v2\/media?parent=229"}],"curies":[{"name":"wp","href":"https:\/\/api.w.org\/{rel}","templated":true}]}}