{"id":231,"date":"2024-09-09T09:49:45","date_gmt":"2024-09-09T09:49:45","guid":{"rendered":"https:\/\/strotzbuesch.de\/?page_id=231"},"modified":"2024-11-17T20:42:14","modified_gmt":"2024-11-17T19:42:14","slug":"angelsportverein","status":"publish","type":"page","link":"https:\/\/strotzbuesch.de\/index.php\/angelsportverein\/","title":{"rendered":"Angelsportverein"},"content":{"rendered":"\n<figure class=\"wp-block-image size-large\"><img fetchpriority=\"high\" decoding=\"async\" width=\"1024\" height=\"300\" src=\"https:\/\/strotzbuesch.de\/wp-content\/uploads\/2024\/11\/07-vereine-angeln-1024x300.jpg\" alt=\"\" class=\"wp-image-843\" srcset=\"https:\/\/strotzbuesch.de\/wp-content\/uploads\/2024\/11\/07-vereine-angeln-1024x300.jpg 1024w, https:\/\/strotzbuesch.de\/wp-content\/uploads\/2024\/11\/07-vereine-angeln-300x88.jpg 300w, https:\/\/strotzbuesch.de\/wp-content\/uploads\/2024\/11\/07-vereine-angeln-768x225.jpg 768w, https:\/\/strotzbuesch.de\/wp-content\/uploads\/2024\/11\/07-vereine-angeln.jpg 1199w\" sizes=\"(max-width: 1024px) 100vw, 1024px\" \/><\/figure>\n\n\n\n<p>Anno 24.04.1983 trafen sich 10 Freunde und Bekannte. Ihr Merkmal Naturverbundenheit, Sinn zum Erhalt der Landschaft. F\u00fcr sich selber Entspannung und Erholung zu finden, beim ruhigen Angeln im \u00dc\u00dfbach.<br><br><strong>Die 10 Freunde waren:<\/strong><\/p>\n\n\n\n<ul class=\"wp-block-list\">\n<li>Albert Daniel<\/li>\n\n\n\n<li>Albert W\u00fcrtz<\/li>\n\n\n\n<li>Ferdi Jores<\/li>\n\n\n\n<li>Dieter Orlowski<\/li>\n\n\n\n<li>Ewald Beth<\/li>\n\n\n\n<li>Heinrich Weissenberg<\/li>\n\n\n\n<li>Willi Scheid<\/li>\n\n\n\n<li>K.-H. Brand<\/li>\n\n\n\n<li>Benno Brand<\/li>\n\n\n\n<li>Hermann Biersbach<\/li>\n<\/ul>\n\n\n\n<p><br>Der <strong>Angelverein \u00dc\u00dfbach e.V.<\/strong> wurde ins Leben gerufen, und mit Heinrich Weissenberg einen 1.Vorsitzender gew\u00e4hlt, der bis zu seinem Tod 1995 die Geschicke des Vereins f\u00fchrte. Danach war es Edmund Theisen, auch bei ihm war es Freude an der Natur, sowie eine besondere Aufmerksamkeit auf alles was gut und artgerecht ist.<br>Aus Altersgr\u00fcnden, gab er im Januar 2004 den Vorsitz an den Angelverein zur\u00fcck. Bei der gleichen Versammlung wurde Herbert Schornstein zum neuen Vorsitzenden gew\u00e4hlt. Best\u00e4tig wurde Albert Daniel als 2. Vorsitzender und Ferdi Jores als Kassierer.<\/p>\n\n\n\n<p>Das Gew\u00e4sser Los 3, erstreckt sich von der Br\u00fccke Neum\u00fchle, bis zum Wehr im Siebenbachtal an der Heilquelle, es sind 3,2 Km, f\u00fcr diese Strecke hat der Verein von Anfang an eine Patenschaft \u00fcbernommen. Unser Anliegen ist, dass alle Anrainer sowie Besucher so pfleglich mit unserem Siebenbach und Tal umgehen wie m\u00f6glich, (es ist ein wundersch\u00f6nes Tal).<\/p>\n\n\n\n<p>Wir Angler auch die Jugendlichen die dem Verein nahe stehen freuen sich \u00fcber die Pachtverl\u00e4ngerung bis im Jahr 2019.<\/p>\n\n\n\n<p>Wir wollen weiterhin ein Verein sein, der Ruhe und Gelassenheit ausstrahlt.<br>Den Bach sch\u00fctzt, den Fischen und Krebse eine Heimat gew\u00e4hrt.<br>Die Natur und die Geselligkeit nicht verachtet.<\/p>\n\n\n\n<h5 class=\"wp-block-heading\">Ansprechpartner:<\/h5>\n\n\n\n<p>Ingo Daniel<br>Dauner Stra\u00dfe<br>54552 Strotzb\u00fcsch<br>Tel.: (0 65 73) 93 57<\/p>\n","protected":false},"excerpt":{"rendered":"<p>Anno 24.04.1983 trafen sich 10 Freunde und Bekannte. Ihr Merkmal Naturverbundenheit, Sinn zum Erhalt der Landschaft. F\u00fcr sich selber Entspannung und Erholung zu finden, beim ruhigen Angeln im \u00dc\u00dfbach. Die 10 Freunde waren: Der Angelverein \u00dc\u00dfbach e.V. wurde ins Leben <a class=\"more-link\" href=\"https:\/\/strotzbuesch.de\/index.php\/angelsportverein\/\">weiterlesen&#8230;<\/a><\/p>\n","protected":false},"author":3,"featured_media":0,"parent":0,"menu_order":0,"comment_status":"closed","ping_status":"closed","template":"","meta":{"ngg_post_thumbnail":0,"footnotes":""},"class_list":["post-231","page","type-page","status-publish","hentry"],"_links":{"self":[{"href":"https:\/\/strotzbuesch.de\/index.php\/wp-json\/wp\/v2\/pages\/231","targetHints":{"allow":["GET"]}}],"collection":[{"href":"https:\/\/strotzbuesch.de\/index.php\/wp-json\/wp\/v2\/pages"}],"about":[{"href":"https:\/\/strotzbuesch.de\/index.php\/wp-json\/wp\/v2\/types\/page"}],"author":[{"embeddable":true,"href":"https:\/\/strotzbuesch.de\/index.php\/wp-json\/wp\/v2\/users\/3"}],"replies":[{"embeddable":true,"href":"https:\/\/strotzbuesch.de\/index.php\/wp-json\/wp\/v2\/comments?post=231"}],"version-history":[{"count":2,"href":"https:\/\/strotzbuesch.de\/index.php\/wp-json\/wp\/v2\/pages\/231\/revisions"}],"predecessor-version":[{"id":844,"href":"https:\/\/strotzbuesch.de\/index.php\/wp-json\/wp\/v2\/pages\/231\/revisions\/844"}],"wp:attachment":[{"href":"https:\/\/strotzbuesch.de\/index.php\/wp-json\/wp\/v2\/media?parent=231"}],"curies":[{"name":"wp","href":"https:\/\/api.w.org\/{rel}","templated":true}]}}