{"id":232,"date":"2024-09-09T09:49:45","date_gmt":"2024-09-09T09:49:45","guid":{"rendered":"https:\/\/strotzbuesch.de\/?page_id=232"},"modified":"2024-11-17T20:44:26","modified_gmt":"2024-11-17T19:44:26","slug":"chorgemeinschaft","status":"publish","type":"page","link":"https:\/\/strotzbuesch.de\/index.php\/chorgemeinschaft\/","title":{"rendered":"Chorgemeinschaft"},"content":{"rendered":"\n<figure class=\"wp-block-image size-large\"><img fetchpriority=\"high\" decoding=\"async\" width=\"1024\" height=\"300\" src=\"https:\/\/strotzbuesch.de\/wp-content\/uploads\/2024\/11\/07-vereine-chor-1024x300.jpg\" alt=\"\" class=\"wp-image-845\" srcset=\"https:\/\/strotzbuesch.de\/wp-content\/uploads\/2024\/11\/07-vereine-chor-1024x300.jpg 1024w, https:\/\/strotzbuesch.de\/wp-content\/uploads\/2024\/11\/07-vereine-chor-300x88.jpg 300w, https:\/\/strotzbuesch.de\/wp-content\/uploads\/2024\/11\/07-vereine-chor-768x225.jpg 768w, https:\/\/strotzbuesch.de\/wp-content\/uploads\/2024\/11\/07-vereine-chor.jpg 1200w\" sizes=\"(max-width: 1024px) 100vw, 1024px\" \/><\/figure>\n\n\n\n<p>Im Jahre 1927 wurde der Kirchenchor Strotzb\u00fcsch von dem damaligen Dorflehrer Peter Kiefer gegr\u00fcndet. Somit blickt der Kirchenchor in 2022 auf sein 95-j\u00e4hriges Bestehen zur\u00fcck. Als Dirigent leitete Herr Kiefer den Chor bis 1930.<br><br>Sein Nachfolger, Herr Carl Barth, \u00fcbernahm im Jahre 1934 die Dirigentent\u00e4tigkeit und leitetet den Chor \u00fcber den 2.Weltkrieg hinaus bis zum Jahre 1948, in dem er dann aus Altersgr\u00fcnden den Dirigentenstab an seinen Sohn, \u00a0Bernhard Barth, f\u00fcr weitere 2 Jahre \u00fcbergab.<br><br>In den Nachkriegsjahren bildete sich zus\u00e4tzlich aus dem Kirchenchor Strotzb\u00fcsch eine Laienspielgruppe, und es wurden des \u00f6fteren in der Winterzeit Theaterst\u00fccke aufgef\u00fchrt. Dadurch wurde der Kirchenchor Strotzb\u00fcsch weit \u00fcber die Ortsgrenzen hinaus bekannt.<br><br>Herr Josef Schmitz, der als Organist und K\u00fcster t\u00e4tig war, wurde nach seiner R\u00fcckkehr aus der Kriegsgefangenschaft im Jahr 1950 die Leitung des Chores \u00fcbertragen. Diese T\u00e4tigkeit \u00fcbte er bis zum Ende seiner Organisten\/K\u00fcstert\u00e4tigkeit im Jahre 1972 aus.<br><br>Bedingt durch die Gr\u00fcndung des Pfarrverbandes Gillenfeld \u00fcbernahm 1972 Herr Pastor W. Me\u00dfbacher aus der Pfarrei Buchholz zus\u00e4tzlich zu seinen Kirchench\u00f6ren Buchholz und Brockscheid unseren Kirchenchor Strotzb\u00fcsch. Die Proben wurden gesondert abgehalten. Zu gewissen Auftritten wie z.B. an den einzelnen Patronatsfesten, traten dann die Ch\u00f6re als Chorgemeinschaft auf. Bei getrennten Auftritten, wie an Weihnachten und Ostern, \u00fcbernahm unser damaliger K\u00fcster und Chors\u00e4nger, Herr Ewald Probst, die Vertretung des Dirigenten.<br><br>Wie in so vielen Ch\u00f6ren in unsere Region wurde die Schar der S\u00e4ngerinnen und S\u00e4nger immer kleiner, so dass aus diesem Grunde ab 1993 &#8211; mit Ausnahme von Weihnachten und Ostern &#8211; der Chor nur noch als Chorgemeinschaft Buchholz-Brockscheid-Strotzb\u00fcsch auftrat.<br><br>Herr Pastor Me\u00dfbacher trat im Juli 1999 in den Ruhestand und musste aus gesundheitlichen Gr\u00fcnden ab diesem Zeitpunkt auch die Leitung der Chorgemeinschaft aufgeben. Gleichzeitig hat auch die Mehrzahl der S\u00e4ngerinnen und S\u00e4nger aus den Orten Eckfeld und Brockscheid die Chorgemeinschaft verlassen, so dass laut Satzung vom 1. M\u00e4rz 2000 unser Kirchenchor unter dem Namen Chorgemeinschaft St.C\u00e4cilia Strotzb\u00fcsch weitergef\u00fchrt wird.<\/p>\n\n\n\n<p>Als Dirigent \u00fcbernahm Herr Peter Klein (gepr. Chorleiter des Chorverbands Rheinland-Pfalz) 1999 die musikalische Leitung des Chores. Die aktiven S\u00e4ngerinnen und S\u00e4nger kamen aus den Gemeinden Strotzb\u00fcsch, Udler, Eckfeld, M\u00fcckeln, Trautzberg und Immerath.<\/p>\n\n\n\n<p>Seit 2018 hat der Chor noch 7 aktive Mitglieder aus Strotzb\u00fcsch und M\u00fcckeln, die Gottesdienste feierlich gestalten. Seit Herbst 2020 auch regelm\u00e4\u00dfig die Messen als Schola. Es wird ein- bis vierstimmig gesungen.<\/p>\n\n\n\n<p>Die Chorproben finden jeden Montag ab 19:00 Uhr im Gemeindesaal Strotzb\u00fcsch statt.<\/p>\n\n\n\n<h5 class=\"wp-block-heading\">Ansprechpartner:<\/h5>\n\n\n\n<p>MaritaKremer<br>Hontheimerstr. 25<br>54552 Strotzb\u00fcsch<br>Tel.: (0 65 73) 9377<\/p>\n","protected":false},"excerpt":{"rendered":"<p>Im Jahre 1927 wurde der Kirchenchor Strotzb\u00fcsch von dem damaligen Dorflehrer Peter Kiefer gegr\u00fcndet. Somit blickt der Kirchenchor in 2022 auf sein 95-j\u00e4hriges Bestehen zur\u00fcck. Als Dirigent leitete Herr Kiefer den Chor bis 1930. Sein Nachfolger, Herr Carl Barth, \u00fcbernahm <a class=\"more-link\" href=\"https:\/\/strotzbuesch.de\/index.php\/chorgemeinschaft\/\">weiterlesen&#8230;<\/a><\/p>\n","protected":false},"author":3,"featured_media":0,"parent":0,"menu_order":0,"comment_status":"closed","ping_status":"closed","template":"","meta":{"ngg_post_thumbnail":0,"footnotes":""},"class_list":["post-232","page","type-page","status-publish","hentry"],"_links":{"self":[{"href":"https:\/\/strotzbuesch.de\/index.php\/wp-json\/wp\/v2\/pages\/232","targetHints":{"allow":["GET"]}}],"collection":[{"href":"https:\/\/strotzbuesch.de\/index.php\/wp-json\/wp\/v2\/pages"}],"about":[{"href":"https:\/\/strotzbuesch.de\/index.php\/wp-json\/wp\/v2\/types\/page"}],"author":[{"embeddable":true,"href":"https:\/\/strotzbuesch.de\/index.php\/wp-json\/wp\/v2\/users\/3"}],"replies":[{"embeddable":true,"href":"https:\/\/strotzbuesch.de\/index.php\/wp-json\/wp\/v2\/comments?post=232"}],"version-history":[{"count":2,"href":"https:\/\/strotzbuesch.de\/index.php\/wp-json\/wp\/v2\/pages\/232\/revisions"}],"predecessor-version":[{"id":846,"href":"https:\/\/strotzbuesch.de\/index.php\/wp-json\/wp\/v2\/pages\/232\/revisions\/846"}],"wp:attachment":[{"href":"https:\/\/strotzbuesch.de\/index.php\/wp-json\/wp\/v2\/media?parent=232"}],"curies":[{"name":"wp","href":"https:\/\/api.w.org\/{rel}","templated":true}]}}